{"id":120,"date":"2016-08-07T22:48:35","date_gmt":"2016-08-07T22:48:35","guid":{"rendered":"http:\/\/surfcenter.es\/spain\/?page_id=120"},"modified":"2022-10-24T01:51:26","modified_gmt":"2022-10-23T23:51:26","slug":"surfcenter-es-news","status":"publish","type":"page","link":"https:\/\/www.surfcenter.es\/spain\/surfcenter-es-news\/","title":{"rendered":"surf news &#8211; surf en aguatap\u00e1"},"content":{"rendered":"<p><iframe loading=\"lazy\" width=\"560\" height=\"315\" src=\"https:\/\/www.youtube.com\/embed\/RsgjfjumL28\" title=\"YouTube video player\" frameborder=\"0\" allow=\"accelerometer; autoplay; clipboard-write; encrypted-media; gyroscope; picture-in-picture\" allowfullscreen><\/iframe><\/p>\n<p><iframe loading=\"lazy\" width=\"560\" height=\"315\" src=\"https:\/\/www.youtube.com\/embed\/3LREvDEmKUg\" title=\"YouTube video player\" frameborder=\"0\" allow=\"accelerometer; autoplay; clipboard-write; encrypted-media; gyroscope; picture-in-picture\" allowfullscreen><\/iframe><\/p>\n<p><img loading=\"lazy\" decoding=\"async\" class=\"alignnone size-medium wp-image-1570\" src=\"https:\/\/www.surfcenter.es\/spain\/wp-content\/uploads\/2019\/04\/jose-toscano-158x300.jpg\" alt=\"\" width=\"158\" height=\"300\" srcset=\"https:\/\/www.surfcenter.es\/spain\/wp-content\/uploads\/2019\/04\/jose-toscano-158x300.jpg 158w, https:\/\/www.surfcenter.es\/spain\/wp-content\/uploads\/2019\/04\/jose-toscano-539x1024.jpg 539w, https:\/\/www.surfcenter.es\/spain\/wp-content\/uploads\/2019\/04\/jose-toscano-150x285.jpg 150w, https:\/\/www.surfcenter.es\/spain\/wp-content\/uploads\/2019\/04\/jose-toscano-263x500.jpg 263w, https:\/\/www.surfcenter.es\/spain\/wp-content\/uploads\/2019\/04\/jose-toscano.jpg 570w\" sizes=\"auto, (max-width: 158px) 100vw, 158px\" \/><br \/>\nEl joven gaditano Jose Toscano Villodres de 15 a\u00f1os competir\u00e1 en los pr\u00f3ximos d\u00edas 18 a 21 de abril en el Campeonato Goanna Pro 2019, en la localidad Asturiana de Tapia de Casariego, en la categor\u00eda Sub 18 Sub 16. Esta es una prueba puntuable para el Campeonato Nacional Junior del de la Federaci\u00f3n Espa\u00f1ola de Surf. Acompa\u00f1ado por su entrenador Jacob Real Hern\u00e1ndez. C\u00e1diz y otros 4 competidores de la Escuela CSC (C\u00e1diz Surf Center), pelear\u00e1n fuerte por dejar el surf gaditano en un buen lugar.<\/p>\n<ul>\n<li><a href=\"https:\/\/www.surfcenter.es\/spain\/cadiz-surf-zone\/\" target=\"_blank\" rel=\"noopener\">Algunas \u00e1reas de surf en C\u00e1diz <\/a><\/li>\n<\/ul>\n<p><img loading=\"lazy\" decoding=\"async\" class=\"alignnone size-medium wp-image-27\" src=\"http:\/\/surfcenter.es\/spain\/wp-content\/uploads\/2016\/07\/DSC_0028-300x199.jpg\" alt=\"DSC_0028\" width=\"300\" height=\"195\" \/><\/p>\n","protected":false},"excerpt":{"rendered":"<p>El joven gaditano Jose Toscano Villodres de 15 a\u00f1os competir\u00e1 en los pr\u00f3ximos d\u00edas 18 a 21 de abril en<\/p>\n<p><a href=\"https:\/\/www.surfcenter.es\/spain\/surfcenter-es-news\/\" class=\"more-link\">Seguir leyendo<span class=\"screen-reader-text\">surf news &#8211; surf en aguatap\u00e1<\/span><\/a><\/p>\n","protected":false},"author":1,"featured_media":0,"parent":0,"menu_order":0,"comment_status":"closed","ping_status":"closed","template":"","meta":{"sfsi_plus_gutenberg_text_before_share":"","sfsi_plus_gutenberg_show_text_before_share":"","sfsi_plus_gutenberg_icon_type":"","sfsi_plus_gutenberg_icon_alignemt":"","sfsi_plus_gutenburg_max_per_row":"","footnotes":""},"class_list":["post-120","page","type-page","status-publish","hentry"],"yoast_head":"<!-- This site is optimized with the Yoast SEO plugin v27.4 - https:\/\/yoast.com\/product\/yoast-seo-wordpress\/ -->\n<title>surf news - surf en aguatap\u00e1 - Surf Center<\/title>\n<meta name=\"robots\" content=\"index, follow, max-snippet:-1, max-image-preview:large, max-video-preview:-1\" \/>\n<link rel=\"canonical\" href=\"https:\/\/www.surfcenter.es\/spain\/surfcenter-es-news\/\" \/>\n<meta name=\"twitter:card\" content=\"summary_large_image\" \/>\n<meta name=\"twitter:title\" content=\"surf news - surf en aguatap\u00e1 - Surf Center\" \/>\n<meta name=\"twitter:description\" content=\"El joven gaditano Jose Toscano Villodres de 15 a\u00f1os competir\u00e1 en los pr\u00f3ximos d\u00edas 18 a 21 de abril enSeguir leyendosurf news &#8211; surf en aguatap\u00e1\" \/>\n<meta name=\"twitter:image\" content=\"https:\/\/www.surfcenter.es\/spain\/wp-content\/uploads\/2019\/04\/jose-toscano.jpg\" \/>\n<meta name=\"twitter:site\" content=\"@SurfcenterEs\" \/>\n<meta name=\"twitter:label1\" content=\"Tiempo de lectura\" \/>\n\t<meta name=\"twitter:data1\" content=\"1 minuto\" \/>\n<script type=\"application\/ld+json\" class=\"yoast-schema-graph\">{\"@context\":\"https:\\\/\\\/schema.org\",\"@graph\":[{\"@type\":\"WebPage\",\"@id\":\"https:\\\/\\\/www.surfcenter.es\\\/spain\\\/surfcenter-es-news\\\/\",\"url\":\"https:\\\/\\\/www.surfcenter.es\\\/spain\\\/surfcenter-es-news\\\/\",\"name\":\"surf news - surf en aguatap\u00e1 - Surf Center\",\"isPartOf\":{\"@id\":\"https:\\\/\\\/www.surfcenter.es\\\/spain\\\/#website\"},\"primaryImageOfPage\":{\"@id\":\"https:\\\/\\\/www.surfcenter.es\\\/spain\\\/surfcenter-es-news\\\/#primaryimage\"},\"image\":{\"@id\":\"https:\\\/\\\/www.surfcenter.es\\\/spain\\\/surfcenter-es-news\\\/#primaryimage\"},\"thumbnailUrl\":\"https:\\\/\\\/www.surfcenter.es\\\/spain\\\/wp-content\\\/uploads\\\/2019\\\/04\\\/jose-toscano-158x300.jpg\",\"datePublished\":\"2016-08-07T22:48:35+00:00\",\"dateModified\":\"2022-10-23T23:51:26+00:00\",\"breadcrumb\":{\"@id\":\"https:\\\/\\\/www.surfcenter.es\\\/spain\\\/surfcenter-es-news\\\/#breadcrumb\"},\"inLanguage\":\"es\",\"potentialAction\":[{\"@type\":\"ReadAction\",\"target\":[\"https:\\\/\\\/www.surfcenter.es\\\/spain\\\/surfcenter-es-news\\\/\"]}]},{\"@type\":\"ImageObject\",\"inLanguage\":\"es\",\"@id\":\"https:\\\/\\\/www.surfcenter.es\\\/spain\\\/surfcenter-es-news\\\/#primaryimage\",\"url\":\"https:\\\/\\\/www.surfcenter.es\\\/spain\\\/wp-content\\\/uploads\\\/2019\\\/04\\\/jose-toscano.jpg\",\"contentUrl\":\"https:\\\/\\\/www.surfcenter.es\\\/spain\\\/wp-content\\\/uploads\\\/2019\\\/04\\\/jose-toscano.jpg\",\"width\":570,\"height\":1082},{\"@type\":\"BreadcrumbList\",\"@id\":\"https:\\\/\\\/www.surfcenter.es\\\/spain\\\/surfcenter-es-news\\\/#breadcrumb\",\"itemListElement\":[{\"@type\":\"ListItem\",\"position\":1,\"name\":\"Portada\",\"item\":\"https:\\\/\\\/www.surfcenter.es\\\/spain\\\/\"},{\"@type\":\"ListItem\",\"position\":2,\"name\":\"surf news &#8211; surf en aguatap\u00e1\"}]},{\"@type\":\"WebSite\",\"@id\":\"https:\\\/\\\/www.surfcenter.es\\\/spain\\\/#website\",\"url\":\"https:\\\/\\\/www.surfcenter.es\\\/spain\\\/\",\"name\":\"Surf Center\",\"description\":\"informaci\u00f3n para principiantes e iniciados en el surf\",\"publisher\":{\"@id\":\"https:\\\/\\\/www.surfcenter.es\\\/spain\\\/#\\\/schema\\\/person\\\/7f6b43ed8982084bd5ef8a4a82f7b35a\"},\"potentialAction\":[{\"@type\":\"SearchAction\",\"target\":{\"@type\":\"EntryPoint\",\"urlTemplate\":\"https:\\\/\\\/www.surfcenter.es\\\/spain\\\/?s={search_term_string}\"},\"query-input\":{\"@type\":\"PropertyValueSpecification\",\"valueRequired\":true,\"valueName\":\"search_term_string\"}}],\"inLanguage\":\"es\"},{\"@type\":[\"Person\",\"Organization\"],\"@id\":\"https:\\\/\\\/www.surfcenter.es\\\/spain\\\/#\\\/schema\\\/person\\\/7f6b43ed8982084bd5ef8a4a82f7b35a\",\"name\":\"admin\",\"image\":{\"@type\":\"ImageObject\",\"inLanguage\":\"es\",\"@id\":\"https:\\\/\\\/www.surfcenter.es\\\/spain\\\/wp-content\\\/uploads\\\/2024\\\/10\\\/cropped-logo-sc2-150x150-1.png\",\"url\":\"https:\\\/\\\/www.surfcenter.es\\\/spain\\\/wp-content\\\/uploads\\\/2024\\\/10\\\/cropped-logo-sc2-150x150-1.png\",\"contentUrl\":\"https:\\\/\\\/www.surfcenter.es\\\/spain\\\/wp-content\\\/uploads\\\/2024\\\/10\\\/cropped-logo-sc2-150x150-1.png\",\"width\":150,\"height\":150,\"caption\":\"admin\"},\"logo\":{\"@id\":\"https:\\\/\\\/www.surfcenter.es\\\/spain\\\/wp-content\\\/uploads\\\/2024\\\/10\\\/cropped-logo-sc2-150x150-1.png\"}}]}<\/script>\n<!-- \/ Yoast SEO plugin. -->","yoast_head_json":{"title":"surf news - surf en aguatap\u00e1 - Surf Center","robots":{"index":"index","follow":"follow","max-snippet":"max-snippet:-1","max-image-preview":"max-image-preview:large","max-video-preview":"max-video-preview:-1"},"canonical":"https:\/\/www.surfcenter.es\/spain\/surfcenter-es-news\/","twitter_card":"summary_large_image","twitter_title":"surf news - surf en aguatap\u00e1 - Surf Center","twitter_description":"El joven gaditano Jose Toscano Villodres de 15 a\u00f1os competir\u00e1 en los pr\u00f3ximos d\u00edas 18 a 21 de abril enSeguir leyendosurf news &#8211; surf en aguatap\u00e1","twitter_image":"https:\/\/www.surfcenter.es\/spain\/wp-content\/uploads\/2019\/04\/jose-toscano.jpg","twitter_site":"@SurfcenterEs","twitter_misc":{"Tiempo de lectura":"1 minuto"},"schema":{"@context":"https:\/\/schema.org","@graph":[{"@type":"WebPage","@id":"https:\/\/www.surfcenter.es\/spain\/surfcenter-es-news\/","url":"https:\/\/www.surfcenter.es\/spain\/surfcenter-es-news\/","name":"surf news - surf en aguatap\u00e1 - Surf Center","isPartOf":{"@id":"https:\/\/www.surfcenter.es\/spain\/#website"},"primaryImageOfPage":{"@id":"https:\/\/www.surfcenter.es\/spain\/surfcenter-es-news\/#primaryimage"},"image":{"@id":"https:\/\/www.surfcenter.es\/spain\/surfcenter-es-news\/#primaryimage"},"thumbnailUrl":"https:\/\/www.surfcenter.es\/spain\/wp-content\/uploads\/2019\/04\/jose-toscano-158x300.jpg","datePublished":"2016-08-07T22:48:35+00:00","dateModified":"2022-10-23T23:51:26+00:00","breadcrumb":{"@id":"https:\/\/www.surfcenter.es\/spain\/surfcenter-es-news\/#breadcrumb"},"inLanguage":"es","potentialAction":[{"@type":"ReadAction","target":["https:\/\/www.surfcenter.es\/spain\/surfcenter-es-news\/"]}]},{"@type":"ImageObject","inLanguage":"es","@id":"https:\/\/www.surfcenter.es\/spain\/surfcenter-es-news\/#primaryimage","url":"https:\/\/www.surfcenter.es\/spain\/wp-content\/uploads\/2019\/04\/jose-toscano.jpg","contentUrl":"https:\/\/www.surfcenter.es\/spain\/wp-content\/uploads\/2019\/04\/jose-toscano.jpg","width":570,"height":1082},{"@type":"BreadcrumbList","@id":"https:\/\/www.surfcenter.es\/spain\/surfcenter-es-news\/#breadcrumb","itemListElement":[{"@type":"ListItem","position":1,"name":"Portada","item":"https:\/\/www.surfcenter.es\/spain\/"},{"@type":"ListItem","position":2,"name":"surf news &#8211; surf en aguatap\u00e1"}]},{"@type":"WebSite","@id":"https:\/\/www.surfcenter.es\/spain\/#website","url":"https:\/\/www.surfcenter.es\/spain\/","name":"Surf Center","description":"informaci\u00f3n para principiantes e iniciados en el surf","publisher":{"@id":"https:\/\/www.surfcenter.es\/spain\/#\/schema\/person\/7f6b43ed8982084bd5ef8a4a82f7b35a"},"potentialAction":[{"@type":"SearchAction","target":{"@type":"EntryPoint","urlTemplate":"https:\/\/www.surfcenter.es\/spain\/?s={search_term_string}"},"query-input":{"@type":"PropertyValueSpecification","valueRequired":true,"valueName":"search_term_string"}}],"inLanguage":"es"},{"@type":["Person","Organization"],"@id":"https:\/\/www.surfcenter.es\/spain\/#\/schema\/person\/7f6b43ed8982084bd5ef8a4a82f7b35a","name":"admin","image":{"@type":"ImageObject","inLanguage":"es","@id":"https:\/\/www.surfcenter.es\/spain\/wp-content\/uploads\/2024\/10\/cropped-logo-sc2-150x150-1.png","url":"https:\/\/www.surfcenter.es\/spain\/wp-content\/uploads\/2024\/10\/cropped-logo-sc2-150x150-1.png","contentUrl":"https:\/\/www.surfcenter.es\/spain\/wp-content\/uploads\/2024\/10\/cropped-logo-sc2-150x150-1.png","width":150,"height":150,"caption":"admin"},"logo":{"@id":"https:\/\/www.surfcenter.es\/spain\/wp-content\/uploads\/2024\/10\/cropped-logo-sc2-150x150-1.png"}}]}},"_links":{"self":[{"href":"https:\/\/www.surfcenter.es\/spain\/wp-json\/wp\/v2\/pages\/120","targetHints":{"allow":["GET"]}}],"collection":[{"href":"https:\/\/www.surfcenter.es\/spain\/wp-json\/wp\/v2\/pages"}],"about":[{"href":"https:\/\/www.surfcenter.es\/spain\/wp-json\/wp\/v2\/types\/page"}],"author":[{"embeddable":true,"href":"https:\/\/www.surfcenter.es\/spain\/wp-json\/wp\/v2\/users\/1"}],"replies":[{"embeddable":true,"href":"https:\/\/www.surfcenter.es\/spain\/wp-json\/wp\/v2\/comments?post=120"}],"version-history":[{"count":36,"href":"https:\/\/www.surfcenter.es\/spain\/wp-json\/wp\/v2\/pages\/120\/revisions"}],"predecessor-version":[{"id":3263,"href":"https:\/\/www.surfcenter.es\/spain\/wp-json\/wp\/v2\/pages\/120\/revisions\/3263"}],"wp:attachment":[{"href":"https:\/\/www.surfcenter.es\/spain\/wp-json\/wp\/v2\/media?parent=120"}],"curies":[{"name":"wp","href":"https:\/\/api.w.org\/{rel}","templated":true}]}}