{"id":298,"date":"2016-11-01T23:44:23","date_gmt":"2016-11-01T21:44:23","guid":{"rendered":"https:\/\/www.surfcenter.es\/spain\/?page_id=298"},"modified":"2017-12-05T01:56:36","modified_gmt":"2017-12-04T23:56:36","slug":"surf-spots-cadiz","status":"publish","type":"page","link":"https:\/\/www.surfcenter.es\/spain\/surf-spots-cadiz\/","title":{"rendered":"Surf-Spots C\u00e1diz"},"content":{"rendered":"<p>No somos los primeros que publicamos los surf-spots de C\u00e1diz, ni seremos los \u00faltimos, pero nuestra intenci\u00f3n es ser los m\u00e1s \u00fatiles.<br \/>\nAqu\u00ed describimos los principales picos o spots de C\u00e1diz comentados desde un punto de vista distinto.<\/p>\n\n<div id=\"wpbdp-listings-list\" class=\"listings wpbdp-listings-list list wpbdp-grid \">\n\t<div id=\"wpbdp-listing-312\" class=\"wpbdp-listing-312 wpbdp-listing excerpt wpbdp-excerpt wpbdp-listing-excerpt wpbdp-listing-plan-id-2 wpbdp-listing-plan-listado_gratuito wpbdp-listing-category-id-7 wpbdp-listing-category-id-22 wpbdp-listing-category-id-26 even\" data-breakpoints='{\"medium\": [560,780], \"large\": [780,999999]}' data-breakpoints-class-prefix=\"wpbdp-listing-excerpt\">\n\t\n<div class=\"listing-title\">\n    <h3><a href=\"https:\/\/www.surfcenter.es\/spain\/cadiz-surf-zone\/312\/surf-spot-el-palmar-vejer\/\" target=\"_blank\" rel=\"noopener\" >surf-spot El Palmar (Vejer de la Frontera)<\/a><\/h3>\n<\/div>\n\n<div class=\"excerpt-content wpbdp-hide-title\">\n\t\t<div class=\"listing-thumbnail\"><a href=\"https:\/\/www.surfcenter.es\/spain\/cadiz-surf-zone\/312\/surf-spot-el-palmar-vejer\/\" target=\"_blank\" class=\"\" title=\"\" rel=\"noopener noreferrer\"><img loading=\"lazy\" decoding=\"async\" width=\"150\" height=\"150\" src=\"https:\/\/www.surfcenter.es\/spain\/wp-content\/uploads\/2016\/10\/foto-el-palmar-150x150.jpg\" class=\"attachment-wpbdp-thumb wpbdmthumbs wpbdp-excerpt-thumbnail wpbdp-thumbnail\" alt=\"surf-spot El Palmar (Vejer de la Frontera)\" title=\"surf-spot El Palmar (Vejer de la Frontera)\" srcset=\"https:\/\/www.surfcenter.es\/spain\/wp-content\/uploads\/2016\/10\/foto-el-palmar-150x150.jpg 150w, https:\/\/www.surfcenter.es\/spain\/wp-content\/uploads\/2016\/10\/foto-el-palmar-300x300.jpg 300w, https:\/\/www.surfcenter.es\/spain\/wp-content\/uploads\/2016\/10\/foto-el-palmar-500x500.jpg 500w, https:\/\/www.surfcenter.es\/spain\/wp-content\/uploads\/2016\/10\/foto-el-palmar.jpg 640w\" sizes=\"auto, (max-width: 150px) 100vw, 150px\" \/><\/a><\/div>\n<div class=\"listing-details\">\n\t\t\t\t\t\t<div class=\"wpbdp-field-display wpbdp-field wpbdp-field-value field-display field-value wpbdp-field-centro wpbdp-field-title wpbdp-field-type-textfield wpbdp-field-association-title  \" ><span class=\"field-label\">centro<\/span> <div class=\"value\"><a href=\"https:\/\/www.surfcenter.es\/spain\/cadiz-surf-zone\/312\/surf-spot-el-palmar-vejer\/\" target=\"_blank\" rel=\"noopener\" >surf-spot El Palmar (Vejer de la Frontera)<\/a><\/div><\/div>\t\t\t\t\t\t\t\t\t\t\t\t\t\t\t\t\t\t\t\t\t\t\t\t\t\t\t\t\t\t\t\t\t\t\t\t\t\t\t\t\t\t\t\t\t\t\t\t\t\t\t\t\t\t\t\t\t\t<div class=\"wpbdp-field-display wpbdp-field wpbdp-field-value field-display field-value wpbdp-field-resumen_centro wpbdp-field-meta wpbdp-field-type-textarea wpbdp-field-association-meta  \" ><div class=\"value\"><p>La \"Meca\" del surf en Andaluc\u00eda se llama El Palmar. Este \"peque\u00f1o Hawaii\" peninsular se sit\u00faa a 11 km del n\u00facleo municipal de Vejer, a lo largo de 8 km de costa atl\u00e1ntica y muy concretamente localizado entre Conil de la Frontera y Ca\u00f1os de Meca......<A href=\"https:\/\/www.surfcenter.es\/spain\/cadiz\/surf-spot-el-palmar-vejer\/\">ver m\u00e1s &gt;<\/A><\/p>\n<\/div><\/div>\t\t\t\n\t\t<\/div>\n<\/div>\n<\/div>\n<div id=\"wpbdp-listing-343\" class=\"wpbdp-listing-343 wpbdp-listing excerpt wpbdp-excerpt wpbdp-listing-excerpt wpbdp-listing-plan-id-2 wpbdp-listing-plan-listado_gratuito wpbdp-listing-category-id-7 wpbdp-listing-category-id-25 wpbdp-listing-category-id-26 odd\" data-breakpoints='{\"medium\": [560,780], \"large\": [780,999999]}' data-breakpoints-class-prefix=\"wpbdp-listing-excerpt\">\n\t\n<div class=\"listing-title\">\n    <h3><a href=\"https:\/\/www.surfcenter.es\/spain\/cadiz-surf-zone\/343\/surf-spot-cota-ballena-rota-chipiona\/\" target=\"_blank\" rel=\"noopener\" >surf-spot La Ballena ( Rota-Chipiona)<\/a><\/h3>\n<\/div>\n\n<div class=\"excerpt-content wpbdp-hide-title\">\n\t\t<div class=\"listing-thumbnail\"><a href=\"https:\/\/www.surfcenter.es\/spain\/cadiz-surf-zone\/343\/surf-spot-cota-ballena-rota-chipiona\/\" target=\"_blank\" class=\"\" title=\"\" rel=\"noopener noreferrer\"><img loading=\"lazy\" decoding=\"async\" width=\"150\" height=\"84\" src=\"https:\/\/www.surfcenter.es\/spain\/wp-content\/uploads\/2016\/11\/20161105_105617-150x84.jpg\" class=\"attachment-wpbdp-thumb wpbdmthumbs wpbdp-excerpt-thumbnail wpbdp-thumbnail\" alt=\"surf-spot La Ballena ( Rota-Chipiona)\" title=\"surf-spot La Ballena ( Rota-Chipiona)\" srcset=\"https:\/\/www.surfcenter.es\/spain\/wp-content\/uploads\/2016\/11\/20161105_105617-150x84.jpg 150w, https:\/\/www.surfcenter.es\/spain\/wp-content\/uploads\/2016\/11\/20161105_105617-300x169.jpg 300w, https:\/\/www.surfcenter.es\/spain\/wp-content\/uploads\/2016\/11\/20161105_105617-768x432.jpg 768w, https:\/\/www.surfcenter.es\/spain\/wp-content\/uploads\/2016\/11\/20161105_105617-1024x576.jpg 1024w, https:\/\/www.surfcenter.es\/spain\/wp-content\/uploads\/2016\/11\/20161105_105617-500x281.jpg 500w\" sizes=\"auto, (max-width: 150px) 100vw, 150px\" \/><\/a><\/div>\n<div class=\"listing-details\">\n\t\t\t\t\t\t<div class=\"wpbdp-field-display wpbdp-field wpbdp-field-value field-display field-value wpbdp-field-centro wpbdp-field-title wpbdp-field-type-textfield wpbdp-field-association-title  \" ><span class=\"field-label\">centro<\/span> <div class=\"value\"><a href=\"https:\/\/www.surfcenter.es\/spain\/cadiz-surf-zone\/343\/surf-spot-cota-ballena-rota-chipiona\/\" target=\"_blank\" rel=\"noopener\" >surf-spot La Ballena ( Rota-Chipiona)<\/a><\/div><\/div>\t\t\t\t\t\t\t\t\t\t\t\t\t\t\t\t\t\t\t\t\t\t\t\t\t\t\t\t\t\t\t\t\t\t\t\t\t\t\t\t\t\t\t\t\t\t\t\t\t\t\t\t\t\t\t\t\t\t<div class=\"wpbdp-field-display wpbdp-field wpbdp-field-value field-display field-value wpbdp-field-resumen_centro wpbdp-field-meta wpbdp-field-type-textarea wpbdp-field-association-meta  \" ><div class=\"value\"><p>Cuenta la leyenda que una majestuosa ballena que hab\u00eda consagrado su vida a buscar la tierra donde las estaciones fuesen templadas, un para\u00edso donde la humanidad viviera al calor del sol y en paz....<A href=\"https:\/\/www.surfcenter.es\/spain\/cadiz\/surf-spot-cota-ballena-rota-chipiona\/\">ver m\u00e1s &gt;<\/A> <\/p>\n<\/div><\/div>\t\t\t\n\t\t<\/div>\n<\/div>\n<\/div>\n<div id=\"wpbdp-listing-225\" class=\"wpbdp-listing-225 wpbdp-listing excerpt wpbdp-excerpt wpbdp-listing-excerpt wpbdp-listing-plan-id-2 wpbdp-listing-plan-listado_gratuito wpbdp-listing-category-id-20 wpbdp-listing-category-id-7 wpbdp-listing-category-id-26 even\" data-breakpoints='{\"medium\": [560,780], \"large\": [780,999999]}' data-breakpoints-class-prefix=\"wpbdp-listing-excerpt\">\n\t\n<div class=\"listing-title\">\n    <h3><a href=\"https:\/\/www.surfcenter.es\/spain\/cadiz-surf-zone\/225\/surf-spot-las-caracolas-cadiz\/\" target=\"_blank\" rel=\"noopener\" >surf-spot Las Caracolas C\u00e1diz<\/a><\/h3>\n<\/div>\n\n<div class=\"excerpt-content wpbdp-hide-title\">\n\t\t<div class=\"listing-thumbnail\"><a href=\"https:\/\/www.surfcenter.es\/spain\/cadiz-surf-zone\/225\/surf-spot-las-caracolas-cadiz\/\" target=\"_blank\" class=\"\" title=\"\" rel=\"noopener noreferrer\"><img loading=\"lazy\" decoding=\"async\" width=\"150\" height=\"84\" src=\"https:\/\/www.surfcenter.es\/spain\/wp-content\/uploads\/2016\/09\/IMG-20160907-WA0001-150x84.jpg\" class=\"attachment-wpbdp-thumb wpbdmthumbs wpbdp-excerpt-thumbnail wpbdp-thumbnail\" alt=\"surf-spot Las Caracolas C\u00e1diz\" title=\"surf-spot Las Caracolas C\u00e1diz\" srcset=\"https:\/\/www.surfcenter.es\/spain\/wp-content\/uploads\/2016\/09\/IMG-20160907-WA0001-150x84.jpg 150w, https:\/\/www.surfcenter.es\/spain\/wp-content\/uploads\/2016\/09\/IMG-20160907-WA0001-300x169.jpg 300w, https:\/\/www.surfcenter.es\/spain\/wp-content\/uploads\/2016\/09\/IMG-20160907-WA0001-768x432.jpg 768w, https:\/\/www.surfcenter.es\/spain\/wp-content\/uploads\/2016\/09\/IMG-20160907-WA0001-1024x576.jpg 1024w, https:\/\/www.surfcenter.es\/spain\/wp-content\/uploads\/2016\/09\/IMG-20160907-WA0001-500x281.jpg 500w, https:\/\/www.surfcenter.es\/spain\/wp-content\/uploads\/2016\/09\/IMG-20160907-WA0001.jpg 1328w\" sizes=\"auto, (max-width: 150px) 100vw, 150px\" \/><\/a><\/div>\n<div class=\"listing-details\">\n\t\t\t\t\t\t<div class=\"wpbdp-field-display wpbdp-field wpbdp-field-value field-display field-value wpbdp-field-centro wpbdp-field-title wpbdp-field-type-textfield wpbdp-field-association-title  \" ><span class=\"field-label\">centro<\/span> <div class=\"value\"><a href=\"https:\/\/www.surfcenter.es\/spain\/cadiz-surf-zone\/225\/surf-spot-las-caracolas-cadiz\/\" target=\"_blank\" rel=\"noopener\" >surf-spot Las Caracolas C\u00e1diz<\/a><\/div><\/div>\t\t\t\t\t\t\t\t\t\t\t\t\t\t\t\t<div class=\"wpbdp-field-display wpbdp-field wpbdp-field-value field-display field-value wpbdp-field-web wpbdp-field-meta wpbdp-field-type-url wpbdp-field-association-meta  \" ><span class=\"field-label\">web<\/span> <div class=\"value\"><a href=\"https:\/\/www.surfcenter.es\/webcam-cadiz-caracolas\" rel=\"\" target=\"_self\" title=\"ver webcam spot Caracolas\">ver webcam spot Caracolas<\/a><\/div><\/div>\t\t\t\t\t\t\t\t\t\t\t\t\t\t\t\t\t\t\t\t\t\t\t\t\t\t\t\t\t\t\t\t\t\t\t\t\t\t\t\t\t\t<div class=\"wpbdp-field-display wpbdp-field wpbdp-field-value field-display field-value wpbdp-field-resumen_centro wpbdp-field-meta wpbdp-field-type-textarea wpbdp-field-association-meta  \" ><div class=\"value\"><p>Spot ubicado en la entrada de C\u00e1diz junto a las murallas de Cortadura, l\u00edmite exterior de las defensas de la ciudad desde el siglo XVII al XIX, posee varios picos a ambos lados de las murallas...<A href=\"https:\/\/www.surfcenter.es\/spain\/cadiz\/225\/surf-spot-las-caracolas-cadiz\">ver m\u00e1s &gt;<\/A><\/p>\n<\/div><\/div>\t\t\t\n\t\t<\/div>\n<\/div>\n<\/div>\n<div id=\"wpbdp-listing-263\" class=\"wpbdp-listing-263 wpbdp-listing excerpt wpbdp-excerpt wpbdp-listing-excerpt wpbdp-listing-plan-id-2 wpbdp-listing-plan-listado_gratuito wpbdp-listing-category-id-7 wpbdp-listing-category-id-21 wpbdp-listing-category-id-26 odd\" data-breakpoints='{\"medium\": [560,780], \"large\": [780,999999]}' data-breakpoints-class-prefix=\"wpbdp-listing-excerpt\">\n\t\n<div class=\"listing-title\">\n    <h3><a href=\"https:\/\/www.surfcenter.es\/spain\/cadiz-surf-zone\/263\/surf-spot-roche-conil-la-frontera\/\" target=\"_blank\" rel=\"noopener\" >surf-spot Roche (Conil de la Frontera)<\/a><\/h3>\n<\/div>\n\n<div class=\"excerpt-content wpbdp-hide-title\">\n\t\t<div class=\"listing-thumbnail\"><a href=\"https:\/\/www.surfcenter.es\/spain\/cadiz-surf-zone\/263\/surf-spot-roche-conil-la-frontera\/\" target=\"_blank\" class=\"\" title=\"\" rel=\"noopener noreferrer\"><img loading=\"lazy\" decoding=\"async\" width=\"150\" height=\"57\" src=\"https:\/\/www.surfcenter.es\/spain\/wp-content\/uploads\/2016\/09\/escalera-150x57.jpg\" class=\"attachment-wpbdp-thumb wpbdmthumbs wpbdp-excerpt-thumbnail wpbdp-thumbnail\" alt=\"surf-spot Roche (Conil de la Frontera)\" title=\"surf-spot Roche (Conil de la Frontera)\" srcset=\"https:\/\/www.surfcenter.es\/spain\/wp-content\/uploads\/2016\/09\/escalera-150x57.jpg 150w, https:\/\/www.surfcenter.es\/spain\/wp-content\/uploads\/2016\/09\/escalera-300x114.jpg 300w, https:\/\/www.surfcenter.es\/spain\/wp-content\/uploads\/2016\/09\/escalera-768x292.jpg 768w, https:\/\/www.surfcenter.es\/spain\/wp-content\/uploads\/2016\/09\/escalera-1024x389.jpg 1024w, https:\/\/www.surfcenter.es\/spain\/wp-content\/uploads\/2016\/09\/escalera-500x190.jpg 500w\" sizes=\"auto, (max-width: 150px) 100vw, 150px\" \/><\/a><\/div>\n<div class=\"listing-details\">\n\t\t\t\t\t\t<div class=\"wpbdp-field-display wpbdp-field wpbdp-field-value field-display field-value wpbdp-field-centro wpbdp-field-title wpbdp-field-type-textfield wpbdp-field-association-title  \" ><span class=\"field-label\">centro<\/span> <div class=\"value\"><a href=\"https:\/\/www.surfcenter.es\/spain\/cadiz-surf-zone\/263\/surf-spot-roche-conil-la-frontera\/\" target=\"_blank\" rel=\"noopener\" >surf-spot Roche (Conil de la Frontera)<\/a><\/div><\/div>\t\t\t\t\t\t\t\t\t\t\t\t\t\t\t\t\t\t\t\t\t\t\t\t\t\t\t\t\t\t\t\t\t\t\t\t\t\t\t\t\t\t\t\t\t\t\t\t\t\t\t\t\t\t\t\t\t\t<div class=\"wpbdp-field-display wpbdp-field wpbdp-field-value field-display field-value wpbdp-field-resumen_centro wpbdp-field-meta wpbdp-field-type-textarea wpbdp-field-association-meta  \" ><div class=\"value\"><p>Roche es un cabo litoral donde se ubica la playa y urbanizaci\u00f3n del mismo nombre y que podemos localizar entre la Torre del Puerco (Urbanizaci\u00f3n Novo Sancti Petri) y ...<A href=\"https:\/\/www.surfcenter.es\/spain\/cadiz\/263\/surf-spot-roche-conil-la-frontera\">ver m\u00e1s &gt;<\/A><\/p>\n<\/div><\/div>\t\t\t\n\t\t<\/div>\n<\/div>\n<\/div>\n<div id=\"wpbdp-listing-246\" class=\"wpbdp-listing-246 wpbdp-listing excerpt wpbdp-excerpt wpbdp-listing-excerpt wpbdp-listing-plan-id-2 wpbdp-listing-plan-listado_gratuito wpbdp-listing-category-id-20 wpbdp-listing-category-id-7 wpbdp-listing-category-id-26 even\" data-breakpoints='{\"medium\": [560,780], \"large\": [780,999999]}' data-breakpoints-class-prefix=\"wpbdp-listing-excerpt\">\n\t\n<div class=\"listing-title\">\n    <h3><a href=\"https:\/\/www.surfcenter.es\/spain\/cadiz-surf-zone\/246\/surf-spot-santa-maria-del-mar-cadiz\/\" target=\"_blank\" rel=\"noopener\" >surf-spot Santa Maria del Mar C\u00e1diz<\/a><\/h3>\n<\/div>\n\n<div class=\"excerpt-content wpbdp-hide-title\">\n\t\t<div class=\"listing-thumbnail\"><a href=\"https:\/\/www.surfcenter.es\/spain\/cadiz-surf-zone\/246\/surf-spot-santa-maria-del-mar-cadiz\/\" target=\"_blank\" class=\"\" title=\"\" rel=\"noopener noreferrer\"><img loading=\"lazy\" decoding=\"async\" width=\"150\" height=\"150\" src=\"https:\/\/www.surfcenter.es\/spain\/wp-content\/uploads\/2016\/09\/11220461_10208134909475483_7292114386616105939_n-150x150.jpg\" class=\"attachment-wpbdp-thumb wpbdmthumbs wpbdp-excerpt-thumbnail wpbdp-thumbnail\" alt=\"surf-spot Santa Maria del Mar C\u00e1diz\" title=\"surf-spot Santa Maria del Mar C\u00e1diz\" srcset=\"https:\/\/www.surfcenter.es\/spain\/wp-content\/uploads\/2016\/09\/11220461_10208134909475483_7292114386616105939_n-150x150.jpg 150w, https:\/\/www.surfcenter.es\/spain\/wp-content\/uploads\/2016\/09\/11220461_10208134909475483_7292114386616105939_n-300x300.jpg 300w, https:\/\/www.surfcenter.es\/spain\/wp-content\/uploads\/2016\/09\/11220461_10208134909475483_7292114386616105939_n.jpg 480w\" sizes=\"auto, (max-width: 150px) 100vw, 150px\" \/><\/a><\/div>\n<div class=\"listing-details\">\n\t\t\t\t\t\t<div class=\"wpbdp-field-display wpbdp-field wpbdp-field-value field-display field-value wpbdp-field-centro wpbdp-field-title wpbdp-field-type-textfield wpbdp-field-association-title  \" ><span class=\"field-label\">centro<\/span> <div class=\"value\"><a href=\"https:\/\/www.surfcenter.es\/spain\/cadiz-surf-zone\/246\/surf-spot-santa-maria-del-mar-cadiz\/\" target=\"_blank\" rel=\"noopener\" >surf-spot Santa Maria del Mar C\u00e1diz<\/a><\/div><\/div>\t\t\t\t\t\t\t\t\t\t\t\t\t\t\t\t\t\t\t\t\t\t\t\t\t\t\t\t\t\t\t\t\t\t\t\t\t\t\t\t\t\t\t\t\t\t\t\t\t\t\t\t\t\t\t\t\t\t<div class=\"wpbdp-field-display wpbdp-field wpbdp-field-value field-display field-value wpbdp-field-resumen_centro wpbdp-field-meta wpbdp-field-type-textarea wpbdp-field-association-meta  \" ><div class=\"value\"><p>Playa urbana enmarcada entre dos espigones de escolleras de contenci\u00f3n, uno situado a poniente y el otro a levante para disminuir la erosi\u00f3n de la playa. En la parte del paseo mar\u00edtimo que la rodea...<A href=\"https:\/\/www.surfcenter.es\/spain\/cadiz\/246\/surf-spot-santa-maria-del-mar-cadiz\">ver m\u00e1s &gt;<\/A><\/p>\n<\/div><\/div>\t\t\t\n\t\t<\/div>\n<\/div>\n<\/div>\n<div class=\"wpbdp-pagination\">\n\t\t\t<span class=\"prev\"><\/span>\n\t\t<span class=\"next\"><\/span>\n\t<\/div>\n<\/div>\n\n","protected":false},"excerpt":{"rendered":"<p>No somos los primeros que publicamos los surf-spots de C\u00e1diz, ni seremos los \u00faltimos, pero nuestra intenci\u00f3n es ser los<\/p>\n<p><a href=\"https:\/\/www.surfcenter.es\/spain\/cadiz-surf-zone\/246\/surf-spot-santa-maria-del-mar-cadiz\/\" class=\"more-link\">Seguir leyendo<span class=\"screen-reader-text\">surf-spot Santa Maria del Mar C\u00e1diz<\/span><\/a><\/p>\n","protected":false},"author":1,"featured_media":0,"parent":0,"menu_order":0,"comment_status":"closed","ping_status":"closed","template":"","meta":{"sfsi_plus_gutenberg_text_before_share":"","sfsi_plus_gutenberg_show_text_before_share":"","sfsi_plus_gutenberg_icon_type":"","sfsi_plus_gutenberg_icon_alignemt":"","sfsi_plus_gutenburg_max_per_row":"","footnotes":""},"class_list":["post-298","page","type-page","status-publish","hentry"],"yoast_head":"<!-- This site is optimized with the Yoast SEO plugin v27.4 - https:\/\/yoast.com\/product\/yoast-seo-wordpress\/ -->\n<title>Surf-Spots C\u00e1diz - Surf Center<\/title>\n<meta name=\"robots\" content=\"index, follow, max-snippet:-1, max-image-preview:large, max-video-preview:-1\" \/>\n<link rel=\"canonical\" href=\"https:\/\/www.surfcenter.es\/spain\/surf-spots-cadiz\/\" \/>\n<meta name=\"twitter:card\" content=\"summary_large_image\" \/>\n<meta name=\"twitter:title\" content=\"Surf-Spots C\u00e1diz - Surf Center\" \/>\n<meta name=\"twitter:description\" content=\"No somos los primeros que publicamos los surf-spots de C\u00e1diz, ni seremos los \u00faltimos, pero nuestra intenci\u00f3n es ser losSeguir leyendosurf-spot Santa Maria del Mar C\u00e1diz\" \/>\n<meta name=\"twitter:site\" content=\"@SurfcenterEs\" \/>\n<script type=\"application\/ld+json\" class=\"yoast-schema-graph\">{\"@context\":\"https:\\\/\\\/schema.org\",\"@graph\":[{\"@type\":\"WebPage\",\"@id\":\"https:\\\/\\\/www.surfcenter.es\\\/spain\\\/surf-spots-cadiz\\\/\",\"url\":\"https:\\\/\\\/www.surfcenter.es\\\/spain\\\/surf-spots-cadiz\\\/\",\"name\":\"Surf-Spots C\u00e1diz - Surf Center\",\"isPartOf\":{\"@id\":\"https:\\\/\\\/www.surfcenter.es\\\/spain\\\/#website\"},\"datePublished\":\"2016-11-01T21:44:23+00:00\",\"dateModified\":\"2017-12-04T23:56:36+00:00\",\"breadcrumb\":{\"@id\":\"https:\\\/\\\/www.surfcenter.es\\\/spain\\\/surf-spots-cadiz\\\/#breadcrumb\"},\"inLanguage\":\"es\",\"potentialAction\":[{\"@type\":\"ReadAction\",\"target\":[\"https:\\\/\\\/www.surfcenter.es\\\/spain\\\/surf-spots-cadiz\\\/\"]}]},{\"@type\":\"BreadcrumbList\",\"@id\":\"https:\\\/\\\/www.surfcenter.es\\\/spain\\\/surf-spots-cadiz\\\/#breadcrumb\",\"itemListElement\":[{\"@type\":\"ListItem\",\"position\":1,\"name\":\"Portada\",\"item\":\"https:\\\/\\\/www.surfcenter.es\\\/spain\\\/\"},{\"@type\":\"ListItem\",\"position\":2,\"name\":\"Surf-Spots C\u00e1diz\"}]},{\"@type\":\"WebSite\",\"@id\":\"https:\\\/\\\/www.surfcenter.es\\\/spain\\\/#website\",\"url\":\"https:\\\/\\\/www.surfcenter.es\\\/spain\\\/\",\"name\":\"Surf Center\",\"description\":\"informaci\u00f3n para principiantes e iniciados en el surf\",\"publisher\":{\"@id\":\"https:\\\/\\\/www.surfcenter.es\\\/spain\\\/#\\\/schema\\\/person\\\/7f6b43ed8982084bd5ef8a4a82f7b35a\"},\"potentialAction\":[{\"@type\":\"SearchAction\",\"target\":{\"@type\":\"EntryPoint\",\"urlTemplate\":\"https:\\\/\\\/www.surfcenter.es\\\/spain\\\/?s={search_term_string}\"},\"query-input\":{\"@type\":\"PropertyValueSpecification\",\"valueRequired\":true,\"valueName\":\"search_term_string\"}}],\"inLanguage\":\"es\"},{\"@type\":[\"Person\",\"Organization\"],\"@id\":\"https:\\\/\\\/www.surfcenter.es\\\/spain\\\/#\\\/schema\\\/person\\\/7f6b43ed8982084bd5ef8a4a82f7b35a\",\"name\":\"admin\",\"image\":{\"@type\":\"ImageObject\",\"inLanguage\":\"es\",\"@id\":\"https:\\\/\\\/www.surfcenter.es\\\/spain\\\/wp-content\\\/uploads\\\/2024\\\/10\\\/cropped-logo-sc2-150x150-1.png\",\"url\":\"https:\\\/\\\/www.surfcenter.es\\\/spain\\\/wp-content\\\/uploads\\\/2024\\\/10\\\/cropped-logo-sc2-150x150-1.png\",\"contentUrl\":\"https:\\\/\\\/www.surfcenter.es\\\/spain\\\/wp-content\\\/uploads\\\/2024\\\/10\\\/cropped-logo-sc2-150x150-1.png\",\"width\":150,\"height\":150,\"caption\":\"admin\"},\"logo\":{\"@id\":\"https:\\\/\\\/www.surfcenter.es\\\/spain\\\/wp-content\\\/uploads\\\/2024\\\/10\\\/cropped-logo-sc2-150x150-1.png\"}}]}<\/script>\n<!-- \/ Yoast SEO plugin. -->","yoast_head_json":{"title":"Surf-Spots C\u00e1diz - Surf Center","robots":{"index":"index","follow":"follow","max-snippet":"max-snippet:-1","max-image-preview":"max-image-preview:large","max-video-preview":"max-video-preview:-1"},"canonical":"https:\/\/www.surfcenter.es\/spain\/surf-spots-cadiz\/","twitter_card":"summary_large_image","twitter_title":"Surf-Spots C\u00e1diz - Surf Center","twitter_description":"No somos los primeros que publicamos los surf-spots de C\u00e1diz, ni seremos los \u00faltimos, pero nuestra intenci\u00f3n es ser losSeguir leyendosurf-spot Santa Maria del Mar C\u00e1diz","twitter_site":"@SurfcenterEs","schema":{"@context":"https:\/\/schema.org","@graph":[{"@type":"WebPage","@id":"https:\/\/www.surfcenter.es\/spain\/surf-spots-cadiz\/","url":"https:\/\/www.surfcenter.es\/spain\/surf-spots-cadiz\/","name":"Surf-Spots C\u00e1diz - Surf Center","isPartOf":{"@id":"https:\/\/www.surfcenter.es\/spain\/#website"},"datePublished":"2016-11-01T21:44:23+00:00","dateModified":"2017-12-04T23:56:36+00:00","breadcrumb":{"@id":"https:\/\/www.surfcenter.es\/spain\/surf-spots-cadiz\/#breadcrumb"},"inLanguage":"es","potentialAction":[{"@type":"ReadAction","target":["https:\/\/www.surfcenter.es\/spain\/surf-spots-cadiz\/"]}]},{"@type":"BreadcrumbList","@id":"https:\/\/www.surfcenter.es\/spain\/surf-spots-cadiz\/#breadcrumb","itemListElement":[{"@type":"ListItem","position":1,"name":"Portada","item":"https:\/\/www.surfcenter.es\/spain\/"},{"@type":"ListItem","position":2,"name":"Surf-Spots C\u00e1diz"}]},{"@type":"WebSite","@id":"https:\/\/www.surfcenter.es\/spain\/#website","url":"https:\/\/www.surfcenter.es\/spain\/","name":"Surf Center","description":"informaci\u00f3n para principiantes e iniciados en el surf","publisher":{"@id":"https:\/\/www.surfcenter.es\/spain\/#\/schema\/person\/7f6b43ed8982084bd5ef8a4a82f7b35a"},"potentialAction":[{"@type":"SearchAction","target":{"@type":"EntryPoint","urlTemplate":"https:\/\/www.surfcenter.es\/spain\/?s={search_term_string}"},"query-input":{"@type":"PropertyValueSpecification","valueRequired":true,"valueName":"search_term_string"}}],"inLanguage":"es"},{"@type":["Person","Organization"],"@id":"https:\/\/www.surfcenter.es\/spain\/#\/schema\/person\/7f6b43ed8982084bd5ef8a4a82f7b35a","name":"admin","image":{"@type":"ImageObject","inLanguage":"es","@id":"https:\/\/www.surfcenter.es\/spain\/wp-content\/uploads\/2024\/10\/cropped-logo-sc2-150x150-1.png","url":"https:\/\/www.surfcenter.es\/spain\/wp-content\/uploads\/2024\/10\/cropped-logo-sc2-150x150-1.png","contentUrl":"https:\/\/www.surfcenter.es\/spain\/wp-content\/uploads\/2024\/10\/cropped-logo-sc2-150x150-1.png","width":150,"height":150,"caption":"admin"},"logo":{"@id":"https:\/\/www.surfcenter.es\/spain\/wp-content\/uploads\/2024\/10\/cropped-logo-sc2-150x150-1.png"}}]}},"_links":{"self":[{"href":"https:\/\/www.surfcenter.es\/spain\/wp-json\/wp\/v2\/pages\/298","targetHints":{"allow":["GET"]}}],"collection":[{"href":"https:\/\/www.surfcenter.es\/spain\/wp-json\/wp\/v2\/pages"}],"about":[{"href":"https:\/\/www.surfcenter.es\/spain\/wp-json\/wp\/v2\/types\/page"}],"author":[{"embeddable":true,"href":"https:\/\/www.surfcenter.es\/spain\/wp-json\/wp\/v2\/users\/1"}],"replies":[{"embeddable":true,"href":"https:\/\/www.surfcenter.es\/spain\/wp-json\/wp\/v2\/comments?post=298"}],"version-history":[{"count":19,"href":"https:\/\/www.surfcenter.es\/spain\/wp-json\/wp\/v2\/pages\/298\/revisions"}],"predecessor-version":[{"id":789,"href":"https:\/\/www.surfcenter.es\/spain\/wp-json\/wp\/v2\/pages\/298\/revisions\/789"}],"wp:attachment":[{"href":"https:\/\/www.surfcenter.es\/spain\/wp-json\/wp\/v2\/media?parent=298"}],"curies":[{"name":"wp","href":"https:\/\/api.w.org\/{rel}","templated":true}]}}