{"id":331,"date":"2016-11-01T23:49:04","date_gmt":"2016-11-01T21:49:04","guid":{"rendered":"https:\/\/www.surfcenter.es\/spain\/?page_id=331"},"modified":"2017-12-05T01:54:56","modified_gmt":"2017-12-04T23:54:56","slug":"previsiones-cadiz","status":"publish","type":"page","link":"https:\/\/www.surfcenter.es\/spain\/previsiones-cadiz\/","title":{"rendered":"previsiones C\u00e1diz"},"content":{"rendered":"<p>Aqu\u00ed encontrar\u00e1s las mejores p\u00e1ginas de previsiones y alertas de surf.<\/p>\n\n<div id=\"wpbdp-listings-list\" class=\"listings wpbdp-listings-list list wpbdp-grid \">\n\t<div id=\"wpbdp-listing-76\" class=\"wpbdp-listing-76 wpbdp-listing excerpt wpbdp-excerpt wpbdp-listing-excerpt wpbdp-listing-plan-id-2 wpbdp-listing-plan-listado_gratuito wpbdp-listing-category-id-7 wpbdp-listing-category-id-10 even\" data-breakpoints='{\"medium\": [560,780], \"large\": [780,999999]}' data-breakpoints-class-prefix=\"wpbdp-listing-excerpt\">\n\t\n<div class=\"listing-title\">\n    <h3><a href=\"https:\/\/www.surfcenter.es\/spain\/cadiz-surf-zone\/76\/meteo-magic-seaweed-forecast\/\" target=\"_blank\" rel=\"noopener\" >meteo Magic Seaweed C\u00e1diz<\/a><\/h3>\n<\/div>\n\n<div class=\"excerpt-content wpbdp-hide-title\">\n\t\t<div class=\"listing-thumbnail\"><a href=\"https:\/\/www.surfcenter.es\/spain\/cadiz-surf-zone\/76\/meteo-magic-seaweed-forecast\/\" target=\"_blank\" class=\"\" title=\"\" rel=\"noopener noreferrer\"><img loading=\"lazy\" decoding=\"async\" width=\"150\" height=\"150\" src=\"https:\/\/www.surfcenter.es\/spain\/wp-content\/uploads\/2016\/07\/icon175x175-1-150x150.png\" class=\"attachment-wpbdp-thumb wpbdmthumbs wpbdp-excerpt-thumbnail wpbdp-thumbnail\" alt=\"meteo Magic Seaweed C\u00e1diz\" title=\"meteo Magic Seaweed C\u00e1diz\" srcset=\"https:\/\/www.surfcenter.es\/spain\/wp-content\/uploads\/2016\/07\/icon175x175-1-150x150.png 150w, https:\/\/www.surfcenter.es\/spain\/wp-content\/uploads\/2016\/07\/icon175x175-1.png 175w\" sizes=\"auto, (max-width: 150px) 100vw, 150px\" \/><\/a><\/div>\n<div class=\"listing-details\">\n\t\t\t\t\t\t<div class=\"wpbdp-field-display wpbdp-field wpbdp-field-value field-display field-value wpbdp-field-centro wpbdp-field-title wpbdp-field-type-textfield wpbdp-field-association-title  \" ><span class=\"field-label\">centro<\/span> <div class=\"value\"><a href=\"https:\/\/www.surfcenter.es\/spain\/cadiz-surf-zone\/76\/meteo-magic-seaweed-forecast\/\" target=\"_blank\" rel=\"noopener\" >meteo Magic Seaweed C\u00e1diz<\/a><\/div><\/div>\t\t\t\t\t\t\t\t\t\t\t\t\t\t\t\t<div class=\"wpbdp-field-display wpbdp-field wpbdp-field-value field-display field-value wpbdp-field-web wpbdp-field-meta wpbdp-field-type-url wpbdp-field-association-meta  \" ><span class=\"field-label\">web<\/span> <div class=\"value\"><a href=\"https:\/\/magicseaweed.com\/Cadiz-Surf-Report\/184\/\" rel=\"\" target=\"_self\" title=\"clic para ver previsi\u00f3n Magic-SeaWeed en C\u00e1diz\">clic para ver previsi\u00f3n Magic-SeaWeed en C\u00e1diz<\/a><\/div><\/div>\t\t\t\t\t\t\t\t\t\t\t\t\t\t\t\t\t\t\t\t\t\t\t\t\t\t\t\t\t\t\t\t\t\t\t\t\t\t\t\t\t\t\t\t\t\n\t\t<\/div>\n<\/div>\n<\/div>\n<div id=\"wpbdp-listing-370\" class=\"wpbdp-listing-370 wpbdp-listing excerpt wpbdp-excerpt wpbdp-listing-excerpt wpbdp-listing-plan-id-2 wpbdp-listing-plan-listado_gratuito wpbdp-listing-category-id-7 wpbdp-listing-category-id-10 odd\" data-breakpoints='{\"medium\": [560,780], \"large\": [780,999999]}' data-breakpoints-class-prefix=\"wpbdp-listing-excerpt\">\n\t\n<div class=\"listing-title\">\n    <h3><a href=\"https:\/\/www.surfcenter.es\/spain\/cadiz-surf-zone\/370\/meteo-surfcast\/\" target=\"_blank\" rel=\"noopener\" >meteo Surf-Forecast<\/a><\/h3>\n<\/div>\n\n<div class=\"excerpt-content wpbdp-hide-title\">\n\t\t<div class=\"listing-thumbnail\"><a href=\"https:\/\/www.surfcenter.es\/spain\/cadiz-surf-zone\/370\/meteo-surfcast\/\" target=\"_blank\" class=\"\" title=\"\" rel=\"noopener noreferrer\"><img loading=\"lazy\" decoding=\"async\" width=\"150\" height=\"40\" src=\"https:\/\/www.surfcenter.es\/spain\/wp-content\/uploads\/2016\/11\/surf-forecast-150x40.png\" class=\"attachment-wpbdp-thumb wpbdmthumbs wpbdp-excerpt-thumbnail wpbdp-thumbnail\" alt=\"meteo Surf-Forecast\" title=\"meteo Surf-Forecast\" srcset=\"https:\/\/www.surfcenter.es\/spain\/wp-content\/uploads\/2016\/11\/surf-forecast-150x40.png 150w, https:\/\/www.surfcenter.es\/spain\/wp-content\/uploads\/2016\/11\/surf-forecast.png 241w\" sizes=\"auto, (max-width: 150px) 100vw, 150px\" \/><\/a><\/div>\n<div class=\"listing-details\">\n\t\t\t\t\t\t<div class=\"wpbdp-field-display wpbdp-field wpbdp-field-value field-display field-value wpbdp-field-centro wpbdp-field-title wpbdp-field-type-textfield wpbdp-field-association-title  \" ><span class=\"field-label\">centro<\/span> <div class=\"value\"><a href=\"https:\/\/www.surfcenter.es\/spain\/cadiz-surf-zone\/370\/meteo-surfcast\/\" target=\"_blank\" rel=\"noopener\" >meteo Surf-Forecast<\/a><\/div><\/div>\t\t\t\t\t\t\t\t\t\t\t\t\t\t\t\t<div class=\"wpbdp-field-display wpbdp-field wpbdp-field-value field-display field-value wpbdp-field-web wpbdp-field-meta wpbdp-field-type-url wpbdp-field-association-meta  \" ><span class=\"field-label\">web<\/span> <div class=\"value\"><a href=\"http:\/\/es.surf-forecast.com\/breaks\/Las-Caracolas\" rel=\"\" target=\"_self\" title=\"clic para ver previsi\u00f3n surf-forecast en C\u00e1diz\">clic para ver previsi\u00f3n surf-forecast en C\u00e1diz<\/a><\/div><\/div>\t\t\t\t\t\t\t\t\t\t\t\t\t\t\t\t\t\t\t\t\t\t\t\t\t\t\t\t\t\t\t\t\t\t\t\t\t\t\t\t\t\t\t\t\t\n\t\t<\/div>\n<\/div>\n<\/div>\n<div id=\"wpbdp-listing-72\" class=\"wpbdp-listing-72 wpbdp-listing excerpt wpbdp-excerpt wpbdp-listing-excerpt wpbdp-listing-plan-id-2 wpbdp-listing-plan-listado_gratuito wpbdp-listing-category-id-7 wpbdp-listing-category-id-10 even\" data-breakpoints='{\"medium\": [560,780], \"large\": [780,999999]}' data-breakpoints-class-prefix=\"wpbdp-listing-excerpt\">\n\t\n<div class=\"listing-title\">\n    <h3><a href=\"https:\/\/www.surfcenter.es\/spain\/cadiz-surf-zone\/72\/meteo-cadiz\/\" target=\"_blank\" rel=\"noopener\" >meteo Windguru C\u00e1diz<\/a><\/h3>\n<\/div>\n\n<div class=\"excerpt-content wpbdp-hide-title\">\n\t\t<div class=\"listing-thumbnail\"><a href=\"https:\/\/www.surfcenter.es\/spain\/cadiz-surf-zone\/72\/meteo-cadiz\/\" target=\"_blank\" class=\"\" title=\"\" rel=\"noopener noreferrer\"><img loading=\"lazy\" decoding=\"async\" width=\"150\" height=\"85\" src=\"https:\/\/www.surfcenter.es\/spain\/wp-content\/uploads\/2016\/07\/meteo-cadiz-150x85.png\" class=\"attachment-wpbdp-thumb wpbdmthumbs wpbdp-excerpt-thumbnail wpbdp-thumbnail\" alt=\"meteo Windguru C\u00e1diz\" title=\"meteo Windguru C\u00e1diz\" srcset=\"https:\/\/www.surfcenter.es\/spain\/wp-content\/uploads\/2016\/07\/meteo-cadiz-150x85.png 150w, https:\/\/www.surfcenter.es\/spain\/wp-content\/uploads\/2016\/07\/meteo-cadiz-300x169.png 300w, https:\/\/www.surfcenter.es\/spain\/wp-content\/uploads\/2016\/07\/meteo-cadiz-500x282.png 500w, https:\/\/www.surfcenter.es\/spain\/wp-content\/uploads\/2016\/07\/meteo-cadiz.png 581w\" sizes=\"auto, (max-width: 150px) 100vw, 150px\" \/><\/a><\/div>\n<div class=\"listing-details\">\n\t\t\t\t\t\t<div class=\"wpbdp-field-display wpbdp-field wpbdp-field-value field-display field-value wpbdp-field-centro wpbdp-field-title wpbdp-field-type-textfield wpbdp-field-association-title  \" ><span class=\"field-label\">centro<\/span> <div class=\"value\"><a href=\"https:\/\/www.surfcenter.es\/spain\/cadiz-surf-zone\/72\/meteo-cadiz\/\" target=\"_blank\" rel=\"noopener\" >meteo Windguru C\u00e1diz<\/a><\/div><\/div>\t\t\t\t\t\t\t\t\t\t\t\t\t\t\t\t<div class=\"wpbdp-field-display wpbdp-field wpbdp-field-value field-display field-value wpbdp-field-web wpbdp-field-meta wpbdp-field-type-url wpbdp-field-association-meta  \" ><span class=\"field-label\">web<\/span> <div class=\"value\"><a href=\"http:\/\/www.windguru.cz\/es\/index.php?sc=43875&#038;sty=m_spot\" rel=\"\" target=\"_self\" title=\"clic para ver previsi\u00f3n WindGuru en C\u00e1diz\">clic para ver previsi\u00f3n WindGuru en C\u00e1diz<\/a><\/div><\/div>\t\t\t\t\t\t\t\t\t\t\t\t\t\t\t\t\t\t\t\t\t\t\t\t\t\t\t\t\t\t\t\t\t\t\t\t\t\t\t\t\t\t\t\t\t\n\t\t<\/div>\n<\/div>\n<\/div>\n<div id=\"wpbdp-listing-372\" class=\"wpbdp-listing-372 wpbdp-listing excerpt wpbdp-excerpt wpbdp-listing-excerpt wpbdp-listing-plan-id-2 wpbdp-listing-plan-listado_gratuito wpbdp-listing-category-id-7 wpbdp-listing-category-id-10 odd\" data-breakpoints='{\"medium\": [560,780], \"large\": [780,999999]}' data-breakpoints-class-prefix=\"wpbdp-listing-excerpt\">\n\t\n<div class=\"listing-title\">\n    <h3><a href=\"https:\/\/www.surfcenter.es\/spain\/cadiz-surf-zone\/372\/meteo-wisuki\/\" target=\"_blank\" rel=\"noopener\" >meteo Wisuki<\/a><\/h3>\n<\/div>\n\n<div class=\"excerpt-content wpbdp-hide-title\">\n\t\t<div class=\"listing-thumbnail\"><a href=\"https:\/\/www.surfcenter.es\/spain\/cadiz-surf-zone\/372\/meteo-wisuki\/\" target=\"_blank\" class=\"\" title=\"\" rel=\"noopener noreferrer\"><img loading=\"lazy\" decoding=\"async\" width=\"150\" height=\"150\" src=\"https:\/\/www.surfcenter.es\/spain\/wp-content\/uploads\/2016\/11\/wisuki-150x150.png\" class=\"attachment-wpbdp-thumb wpbdmthumbs wpbdp-excerpt-thumbnail wpbdp-thumbnail\" alt=\"meteo Wisuki\" title=\"meteo Wisuki\" srcset=\"https:\/\/www.surfcenter.es\/spain\/wp-content\/uploads\/2016\/11\/wisuki-150x150.png 150w, https:\/\/www.surfcenter.es\/spain\/wp-content\/uploads\/2016\/11\/wisuki.png 200w\" sizes=\"auto, (max-width: 150px) 100vw, 150px\" \/><\/a><\/div>\n<div class=\"listing-details\">\n\t\t\t\t\t\t<div class=\"wpbdp-field-display wpbdp-field wpbdp-field-value field-display field-value wpbdp-field-centro wpbdp-field-title wpbdp-field-type-textfield wpbdp-field-association-title  \" ><span class=\"field-label\">centro<\/span> <div class=\"value\"><a href=\"https:\/\/www.surfcenter.es\/spain\/cadiz-surf-zone\/372\/meteo-wisuki\/\" target=\"_blank\" rel=\"noopener\" >meteo Wisuki<\/a><\/div><\/div>\t\t\t\t\t\t\t\t\t\t\t\t\t\t\t\t<div class=\"wpbdp-field-display wpbdp-field wpbdp-field-value field-display field-value wpbdp-field-web wpbdp-field-meta wpbdp-field-type-url wpbdp-field-association-meta  \" ><span class=\"field-label\">web<\/span> <div class=\"value\"><a href=\"http:\/\/es.wisuki.com\/\" rel=\"\" target=\"_self\" title=\"clic para ver previsi\u00f3n Wisuki en C\u00e1diz\">clic para ver previsi\u00f3n Wisuki en C\u00e1diz<\/a><\/div><\/div>\t\t\t\t\t\t\t\t\t\t\t\t\t\t\t\t\t\t\t\t\t\t\t\t\t\t\t\t\t\t\t\t\t\t\t\t\t\t\t\t\t\t\t\t\t\n\t\t<\/div>\n<\/div>\n<\/div>\n<div class=\"wpbdp-pagination\">\n\t\t\t<span class=\"prev\"><\/span>\n\t\t<span class=\"next\"><\/span>\n\t<\/div>\n<\/div>\n\n","protected":false},"excerpt":{"rendered":"<p>Aqu\u00ed encontrar\u00e1s las mejores p\u00e1ginas de previsiones y alertas de surf.<\/p>\n","protected":false},"author":1,"featured_media":0,"parent":0,"menu_order":0,"comment_status":"closed","ping_status":"closed","template":"","meta":{"sfsi_plus_gutenberg_text_before_share":"","sfsi_plus_gutenberg_show_text_before_share":"","sfsi_plus_gutenberg_icon_type":"","sfsi_plus_gutenberg_icon_alignemt":"","sfsi_plus_gutenburg_max_per_row":"","footnotes":""},"class_list":["post-331","page","type-page","status-publish","hentry"],"yoast_head":"<!-- This site is optimized with the Yoast SEO plugin v27.4 - https:\/\/yoast.com\/product\/yoast-seo-wordpress\/ -->\n<title>previsiones C\u00e1diz - Surf Center<\/title>\n<meta name=\"robots\" content=\"index, follow, max-snippet:-1, max-image-preview:large, max-video-preview:-1\" \/>\n<link rel=\"canonical\" href=\"https:\/\/www.surfcenter.es\/spain\/previsiones-cadiz\/\" \/>\n<meta name=\"twitter:card\" content=\"summary_large_image\" \/>\n<meta name=\"twitter:title\" content=\"previsiones C\u00e1diz - Surf Center\" \/>\n<meta name=\"twitter:description\" content=\"Aqu\u00ed encontrar\u00e1s las mejores p\u00e1ginas de previsiones y alertas de surf.\" \/>\n<meta name=\"twitter:site\" content=\"@SurfcenterEs\" \/>\n<script type=\"application\/ld+json\" class=\"yoast-schema-graph\">{\"@context\":\"https:\\\/\\\/schema.org\",\"@graph\":[{\"@type\":\"WebPage\",\"@id\":\"https:\\\/\\\/www.surfcenter.es\\\/spain\\\/previsiones-cadiz\\\/\",\"url\":\"https:\\\/\\\/www.surfcenter.es\\\/spain\\\/previsiones-cadiz\\\/\",\"name\":\"previsiones C\u00e1diz - Surf Center\",\"isPartOf\":{\"@id\":\"https:\\\/\\\/www.surfcenter.es\\\/spain\\\/#website\"},\"datePublished\":\"2016-11-01T21:49:04+00:00\",\"dateModified\":\"2017-12-04T23:54:56+00:00\",\"breadcrumb\":{\"@id\":\"https:\\\/\\\/www.surfcenter.es\\\/spain\\\/previsiones-cadiz\\\/#breadcrumb\"},\"inLanguage\":\"es\",\"potentialAction\":[{\"@type\":\"ReadAction\",\"target\":[\"https:\\\/\\\/www.surfcenter.es\\\/spain\\\/previsiones-cadiz\\\/\"]}]},{\"@type\":\"BreadcrumbList\",\"@id\":\"https:\\\/\\\/www.surfcenter.es\\\/spain\\\/previsiones-cadiz\\\/#breadcrumb\",\"itemListElement\":[{\"@type\":\"ListItem\",\"position\":1,\"name\":\"Portada\",\"item\":\"https:\\\/\\\/www.surfcenter.es\\\/spain\\\/\"},{\"@type\":\"ListItem\",\"position\":2,\"name\":\"previsiones C\u00e1diz\"}]},{\"@type\":\"WebSite\",\"@id\":\"https:\\\/\\\/www.surfcenter.es\\\/spain\\\/#website\",\"url\":\"https:\\\/\\\/www.surfcenter.es\\\/spain\\\/\",\"name\":\"Surf Center\",\"description\":\"informaci\u00f3n para principiantes e iniciados en el surf\",\"publisher\":{\"@id\":\"https:\\\/\\\/www.surfcenter.es\\\/spain\\\/#\\\/schema\\\/person\\\/7f6b43ed8982084bd5ef8a4a82f7b35a\"},\"potentialAction\":[{\"@type\":\"SearchAction\",\"target\":{\"@type\":\"EntryPoint\",\"urlTemplate\":\"https:\\\/\\\/www.surfcenter.es\\\/spain\\\/?s={search_term_string}\"},\"query-input\":{\"@type\":\"PropertyValueSpecification\",\"valueRequired\":true,\"valueName\":\"search_term_string\"}}],\"inLanguage\":\"es\"},{\"@type\":[\"Person\",\"Organization\"],\"@id\":\"https:\\\/\\\/www.surfcenter.es\\\/spain\\\/#\\\/schema\\\/person\\\/7f6b43ed8982084bd5ef8a4a82f7b35a\",\"name\":\"admin\",\"image\":{\"@type\":\"ImageObject\",\"inLanguage\":\"es\",\"@id\":\"https:\\\/\\\/www.surfcenter.es\\\/spain\\\/wp-content\\\/uploads\\\/2024\\\/10\\\/cropped-logo-sc2-150x150-1.png\",\"url\":\"https:\\\/\\\/www.surfcenter.es\\\/spain\\\/wp-content\\\/uploads\\\/2024\\\/10\\\/cropped-logo-sc2-150x150-1.png\",\"contentUrl\":\"https:\\\/\\\/www.surfcenter.es\\\/spain\\\/wp-content\\\/uploads\\\/2024\\\/10\\\/cropped-logo-sc2-150x150-1.png\",\"width\":150,\"height\":150,\"caption\":\"admin\"},\"logo\":{\"@id\":\"https:\\\/\\\/www.surfcenter.es\\\/spain\\\/wp-content\\\/uploads\\\/2024\\\/10\\\/cropped-logo-sc2-150x150-1.png\"}}]}<\/script>\n<!-- \/ Yoast SEO plugin. -->","yoast_head_json":{"title":"previsiones C\u00e1diz - Surf Center","robots":{"index":"index","follow":"follow","max-snippet":"max-snippet:-1","max-image-preview":"max-image-preview:large","max-video-preview":"max-video-preview:-1"},"canonical":"https:\/\/www.surfcenter.es\/spain\/previsiones-cadiz\/","twitter_card":"summary_large_image","twitter_title":"previsiones C\u00e1diz - Surf Center","twitter_description":"Aqu\u00ed encontrar\u00e1s las mejores p\u00e1ginas de previsiones y alertas de surf.","twitter_site":"@SurfcenterEs","schema":{"@context":"https:\/\/schema.org","@graph":[{"@type":"WebPage","@id":"https:\/\/www.surfcenter.es\/spain\/previsiones-cadiz\/","url":"https:\/\/www.surfcenter.es\/spain\/previsiones-cadiz\/","name":"previsiones C\u00e1diz - Surf Center","isPartOf":{"@id":"https:\/\/www.surfcenter.es\/spain\/#website"},"datePublished":"2016-11-01T21:49:04+00:00","dateModified":"2017-12-04T23:54:56+00:00","breadcrumb":{"@id":"https:\/\/www.surfcenter.es\/spain\/previsiones-cadiz\/#breadcrumb"},"inLanguage":"es","potentialAction":[{"@type":"ReadAction","target":["https:\/\/www.surfcenter.es\/spain\/previsiones-cadiz\/"]}]},{"@type":"BreadcrumbList","@id":"https:\/\/www.surfcenter.es\/spain\/previsiones-cadiz\/#breadcrumb","itemListElement":[{"@type":"ListItem","position":1,"name":"Portada","item":"https:\/\/www.surfcenter.es\/spain\/"},{"@type":"ListItem","position":2,"name":"previsiones C\u00e1diz"}]},{"@type":"WebSite","@id":"https:\/\/www.surfcenter.es\/spain\/#website","url":"https:\/\/www.surfcenter.es\/spain\/","name":"Surf Center","description":"informaci\u00f3n para principiantes e iniciados en el surf","publisher":{"@id":"https:\/\/www.surfcenter.es\/spain\/#\/schema\/person\/7f6b43ed8982084bd5ef8a4a82f7b35a"},"potentialAction":[{"@type":"SearchAction","target":{"@type":"EntryPoint","urlTemplate":"https:\/\/www.surfcenter.es\/spain\/?s={search_term_string}"},"query-input":{"@type":"PropertyValueSpecification","valueRequired":true,"valueName":"search_term_string"}}],"inLanguage":"es"},{"@type":["Person","Organization"],"@id":"https:\/\/www.surfcenter.es\/spain\/#\/schema\/person\/7f6b43ed8982084bd5ef8a4a82f7b35a","name":"admin","image":{"@type":"ImageObject","inLanguage":"es","@id":"https:\/\/www.surfcenter.es\/spain\/wp-content\/uploads\/2024\/10\/cropped-logo-sc2-150x150-1.png","url":"https:\/\/www.surfcenter.es\/spain\/wp-content\/uploads\/2024\/10\/cropped-logo-sc2-150x150-1.png","contentUrl":"https:\/\/www.surfcenter.es\/spain\/wp-content\/uploads\/2024\/10\/cropped-logo-sc2-150x150-1.png","width":150,"height":150,"caption":"admin"},"logo":{"@id":"https:\/\/www.surfcenter.es\/spain\/wp-content\/uploads\/2024\/10\/cropped-logo-sc2-150x150-1.png"}}]}},"_links":{"self":[{"href":"https:\/\/www.surfcenter.es\/spain\/wp-json\/wp\/v2\/pages\/331","targetHints":{"allow":["GET"]}}],"collection":[{"href":"https:\/\/www.surfcenter.es\/spain\/wp-json\/wp\/v2\/pages"}],"about":[{"href":"https:\/\/www.surfcenter.es\/spain\/wp-json\/wp\/v2\/types\/page"}],"author":[{"embeddable":true,"href":"https:\/\/www.surfcenter.es\/spain\/wp-json\/wp\/v2\/users\/1"}],"replies":[{"embeddable":true,"href":"https:\/\/www.surfcenter.es\/spain\/wp-json\/wp\/v2\/comments?post=331"}],"version-history":[{"count":2,"href":"https:\/\/www.surfcenter.es\/spain\/wp-json\/wp\/v2\/pages\/331\/revisions"}],"predecessor-version":[{"id":374,"href":"https:\/\/www.surfcenter.es\/spain\/wp-json\/wp\/v2\/pages\/331\/revisions\/374"}],"wp:attachment":[{"href":"https:\/\/www.surfcenter.es\/spain\/wp-json\/wp\/v2\/media?parent=331"}],"curies":[{"name":"wp","href":"https:\/\/api.w.org\/{rel}","templated":true}]}}