{"id":3382,"date":"2023-11-30T23:03:42","date_gmt":"2023-11-30T21:03:42","guid":{"rendered":"https:\/\/www.surfcenter.es\/spain\/?page_id=3382"},"modified":"2023-12-11T11:46:18","modified_gmt":"2023-12-11T09:46:18","slug":"skate-schools","status":"publish","type":"page","link":"https:\/\/www.surfcenter.es\/spain\/skate-schools\/","title":{"rendered":"skate-schools C\u00e1diz"},"content":{"rendered":"<p>Aqu\u00ed tienes las principales escuelas de Skate de la provincia de C\u00e1diz.<\/p>\n<p>Si tienes una escuela y quieres que aparezca en nuestro listado, ponte en <a href=\"https:\/\/www.surfcenter.es\/spain\/contacto\/\">contacto <\/a>con nosotros.<br \/>\n\n<div id=\"wpbdp-listings-list\" class=\"listings wpbdp-listings-list list wpbdp-grid \">\n\t<div id=\"wpbdp-listing-3390\" class=\"wpbdp-listing-3390 wpbdp-listing excerpt wpbdp-excerpt wpbdp-listing-excerpt wpbdp-listing-plan-id-2 wpbdp-listing-plan-listado_gratuito wpbdp-listing-category-id-611 wpbdp-listing-category-id-610 even\" data-breakpoints='{\"medium\": [560,780], \"large\": [780,999999]}' data-breakpoints-class-prefix=\"wpbdp-listing-excerpt\">\n\t\n<div class=\"listing-title\">\n    <h3><a href=\"https:\/\/www.surfcenter.es\/spain\/cadiz-surf-zone\/3390\/la-bodega-skate-center\/\" target=\"_blank\" rel=\"noopener\" >La Bodega | Skate Center<\/a><\/h3>\n<\/div>\n\n<div class=\"excerpt-content wpbdp-hide-title\">\n\t\t\n<div class=\"listing-details\">\n\t\t\t\t\t\t<div class=\"wpbdp-field-display wpbdp-field wpbdp-field-value field-display field-value wpbdp-field-centro wpbdp-field-title wpbdp-field-type-textfield wpbdp-field-association-title  \" ><span class=\"field-label\">centro<\/span> <div class=\"value\"><a href=\"https:\/\/www.surfcenter.es\/spain\/cadiz-surf-zone\/3390\/la-bodega-skate-center\/\" target=\"_blank\" rel=\"noopener\" >La Bodega | Skate Center<\/a><\/div><\/div>\t\t\t\t\t\t\t\t\t\t\t\t\t\t\t\t<div class=\"wpbdp-field-display wpbdp-field wpbdp-field-value field-display field-value wpbdp-field-web wpbdp-field-meta wpbdp-field-type-url wpbdp-field-association-meta  \" ><span class=\"field-label\">web<\/span> <div class=\"value\"><a href=\"https:\/\/labodegaskate.com\/\" rel=\"\" target=\"_self\" title=\"https:\/\/labodegaskate.com\/\">https:\/\/labodegaskate.com\/<\/a><\/div><\/div>\t\t\t\t\t\t\t\t<div class=\"wpbdp-field-display wpbdp-field wpbdp-field-value field-display field-value wpbdp-field-telefono wpbdp-field-meta wpbdp-field-type-textfield wpbdp-field-association-meta  \" ><span class=\"field-label\">tel\u00e9fono<\/span> <div class=\"value\">689813081<\/div><\/div>\t\t\t\t\t\t\t\t\t\t\t\t\t\t\t\t\t\t\t\t\t\t\t\t\t\t\t\t\t\t\t\t\t\t\t\t\t\n\t\t<\/div>\n<\/div>\n<\/div>\n<div class=\"wpbdp-pagination\">\n\t\t\t<span class=\"prev\"><\/span>\n\t\t<span class=\"next\"><\/span>\n\t<\/div>\n<\/div>\n<\/p>\n","protected":false},"excerpt":{"rendered":"<p>Aqu\u00ed tienes las principales escuelas de Skate de la provincia de C\u00e1diz. Si tienes una escuela y quieres que aparezca<\/p>\n<p><a href=\"https:\/\/www.surfcenter.es\/spain\/cadiz-surf-zone\/3390\/la-bodega-skate-center\/\" class=\"more-link\">Seguir leyendo<span class=\"screen-reader-text\">La Bodega | Skate Center<\/span><\/a><\/p>\n","protected":false},"author":1,"featured_media":0,"parent":0,"menu_order":0,"comment_status":"closed","ping_status":"closed","template":"","meta":{"sfsi_plus_gutenberg_text_before_share":"","sfsi_plus_gutenberg_show_text_before_share":"","sfsi_plus_gutenberg_icon_type":"","sfsi_plus_gutenberg_icon_alignemt":"","sfsi_plus_gutenburg_max_per_row":"","footnotes":""},"class_list":["post-3382","page","type-page","status-publish","hentry"],"yoast_head":"<!-- This site is optimized with the Yoast SEO plugin v27.5 - https:\/\/yoast.com\/product\/yoast-seo-wordpress\/ -->\n<title>skate-schools C\u00e1diz - Surf Center<\/title>\n<meta name=\"description\" content=\"Principales Skate-Schools que puedes encontrar en la provincia de C\u00e1diz\" \/>\n<meta name=\"robots\" content=\"index, follow, max-snippet:-1, max-image-preview:large, max-video-preview:-1\" \/>\n<link rel=\"canonical\" href=\"https:\/\/www.surfcenter.es\/spain\/skate-schools\/\" \/>\n<meta name=\"twitter:card\" content=\"summary_large_image\" \/>\n<meta name=\"twitter:title\" content=\"skate-schools C\u00e1diz - Surf Center\" \/>\n<meta name=\"twitter:description\" content=\"Principales Skate-Schools que puedes encontrar en la provincia de C\u00e1diz\" \/>\n<meta name=\"twitter:site\" content=\"@SurfcenterEs\" \/>\n<meta name=\"twitter:label1\" content=\"Tiempo de lectura\" \/>\n\t<meta name=\"twitter:data1\" content=\"1 minuto\" \/>\n<script type=\"application\/ld+json\" class=\"yoast-schema-graph\">{\"@context\":\"https:\\\/\\\/schema.org\",\"@graph\":[{\"@type\":\"WebPage\",\"@id\":\"https:\\\/\\\/www.surfcenter.es\\\/spain\\\/skate-schools\\\/\",\"url\":\"https:\\\/\\\/www.surfcenter.es\\\/spain\\\/skate-schools\\\/\",\"name\":\"skate-schools C\u00e1diz - Surf Center\",\"isPartOf\":{\"@id\":\"https:\\\/\\\/www.surfcenter.es\\\/spain\\\/#website\"},\"datePublished\":\"2023-11-30T21:03:42+00:00\",\"dateModified\":\"2023-12-11T09:46:18+00:00\",\"description\":\"Principales Skate-Schools que puedes encontrar en la provincia de C\u00e1diz\",\"breadcrumb\":{\"@id\":\"https:\\\/\\\/www.surfcenter.es\\\/spain\\\/skate-schools\\\/#breadcrumb\"},\"inLanguage\":\"es\",\"potentialAction\":[{\"@type\":\"ReadAction\",\"target\":[\"https:\\\/\\\/www.surfcenter.es\\\/spain\\\/skate-schools\\\/\"]}]},{\"@type\":\"BreadcrumbList\",\"@id\":\"https:\\\/\\\/www.surfcenter.es\\\/spain\\\/skate-schools\\\/#breadcrumb\",\"itemListElement\":[{\"@type\":\"ListItem\",\"position\":1,\"name\":\"Portada\",\"item\":\"https:\\\/\\\/www.surfcenter.es\\\/spain\\\/\"},{\"@type\":\"ListItem\",\"position\":2,\"name\":\"skate-schools C\u00e1diz\"}]},{\"@type\":\"WebSite\",\"@id\":\"https:\\\/\\\/www.surfcenter.es\\\/spain\\\/#website\",\"url\":\"https:\\\/\\\/www.surfcenter.es\\\/spain\\\/\",\"name\":\"Surf Center\",\"description\":\"informaci\u00f3n para principiantes e iniciados en el surf\",\"publisher\":{\"@id\":\"https:\\\/\\\/www.surfcenter.es\\\/spain\\\/#\\\/schema\\\/person\\\/7f6b43ed8982084bd5ef8a4a82f7b35a\"},\"potentialAction\":[{\"@type\":\"SearchAction\",\"target\":{\"@type\":\"EntryPoint\",\"urlTemplate\":\"https:\\\/\\\/www.surfcenter.es\\\/spain\\\/?s={search_term_string}\"},\"query-input\":{\"@type\":\"PropertyValueSpecification\",\"valueRequired\":true,\"valueName\":\"search_term_string\"}}],\"inLanguage\":\"es\"},{\"@type\":[\"Person\",\"Organization\"],\"@id\":\"https:\\\/\\\/www.surfcenter.es\\\/spain\\\/#\\\/schema\\\/person\\\/7f6b43ed8982084bd5ef8a4a82f7b35a\",\"name\":\"admin\",\"image\":{\"@type\":\"ImageObject\",\"inLanguage\":\"es\",\"@id\":\"https:\\\/\\\/www.surfcenter.es\\\/spain\\\/wp-content\\\/uploads\\\/2024\\\/10\\\/cropped-logo-sc2-150x150-1.png\",\"url\":\"https:\\\/\\\/www.surfcenter.es\\\/spain\\\/wp-content\\\/uploads\\\/2024\\\/10\\\/cropped-logo-sc2-150x150-1.png\",\"contentUrl\":\"https:\\\/\\\/www.surfcenter.es\\\/spain\\\/wp-content\\\/uploads\\\/2024\\\/10\\\/cropped-logo-sc2-150x150-1.png\",\"width\":150,\"height\":150,\"caption\":\"admin\"},\"logo\":{\"@id\":\"https:\\\/\\\/www.surfcenter.es\\\/spain\\\/wp-content\\\/uploads\\\/2024\\\/10\\\/cropped-logo-sc2-150x150-1.png\"}}]}<\/script>\n<!-- \/ Yoast SEO plugin. -->","yoast_head_json":{"title":"skate-schools C\u00e1diz - Surf Center","description":"Principales Skate-Schools que puedes encontrar en la provincia de C\u00e1diz","robots":{"index":"index","follow":"follow","max-snippet":"max-snippet:-1","max-image-preview":"max-image-preview:large","max-video-preview":"max-video-preview:-1"},"canonical":"https:\/\/www.surfcenter.es\/spain\/skate-schools\/","twitter_card":"summary_large_image","twitter_title":"skate-schools C\u00e1diz - Surf Center","twitter_description":"Principales Skate-Schools que puedes encontrar en la provincia de C\u00e1diz","twitter_site":"@SurfcenterEs","twitter_misc":{"Tiempo de lectura":"1 minuto"},"schema":{"@context":"https:\/\/schema.org","@graph":[{"@type":"WebPage","@id":"https:\/\/www.surfcenter.es\/spain\/skate-schools\/","url":"https:\/\/www.surfcenter.es\/spain\/skate-schools\/","name":"skate-schools C\u00e1diz - Surf Center","isPartOf":{"@id":"https:\/\/www.surfcenter.es\/spain\/#website"},"datePublished":"2023-11-30T21:03:42+00:00","dateModified":"2023-12-11T09:46:18+00:00","description":"Principales Skate-Schools que puedes encontrar en la provincia de C\u00e1diz","breadcrumb":{"@id":"https:\/\/www.surfcenter.es\/spain\/skate-schools\/#breadcrumb"},"inLanguage":"es","potentialAction":[{"@type":"ReadAction","target":["https:\/\/www.surfcenter.es\/spain\/skate-schools\/"]}]},{"@type":"BreadcrumbList","@id":"https:\/\/www.surfcenter.es\/spain\/skate-schools\/#breadcrumb","itemListElement":[{"@type":"ListItem","position":1,"name":"Portada","item":"https:\/\/www.surfcenter.es\/spain\/"},{"@type":"ListItem","position":2,"name":"skate-schools C\u00e1diz"}]},{"@type":"WebSite","@id":"https:\/\/www.surfcenter.es\/spain\/#website","url":"https:\/\/www.surfcenter.es\/spain\/","name":"Surf Center","description":"informaci\u00f3n para principiantes e iniciados en el surf","publisher":{"@id":"https:\/\/www.surfcenter.es\/spain\/#\/schema\/person\/7f6b43ed8982084bd5ef8a4a82f7b35a"},"potentialAction":[{"@type":"SearchAction","target":{"@type":"EntryPoint","urlTemplate":"https:\/\/www.surfcenter.es\/spain\/?s={search_term_string}"},"query-input":{"@type":"PropertyValueSpecification","valueRequired":true,"valueName":"search_term_string"}}],"inLanguage":"es"},{"@type":["Person","Organization"],"@id":"https:\/\/www.surfcenter.es\/spain\/#\/schema\/person\/7f6b43ed8982084bd5ef8a4a82f7b35a","name":"admin","image":{"@type":"ImageObject","inLanguage":"es","@id":"https:\/\/www.surfcenter.es\/spain\/wp-content\/uploads\/2024\/10\/cropped-logo-sc2-150x150-1.png","url":"https:\/\/www.surfcenter.es\/spain\/wp-content\/uploads\/2024\/10\/cropped-logo-sc2-150x150-1.png","contentUrl":"https:\/\/www.surfcenter.es\/spain\/wp-content\/uploads\/2024\/10\/cropped-logo-sc2-150x150-1.png","width":150,"height":150,"caption":"admin"},"logo":{"@id":"https:\/\/www.surfcenter.es\/spain\/wp-content\/uploads\/2024\/10\/cropped-logo-sc2-150x150-1.png"}}]}},"_links":{"self":[{"href":"https:\/\/www.surfcenter.es\/spain\/wp-json\/wp\/v2\/pages\/3382","targetHints":{"allow":["GET"]}}],"collection":[{"href":"https:\/\/www.surfcenter.es\/spain\/wp-json\/wp\/v2\/pages"}],"about":[{"href":"https:\/\/www.surfcenter.es\/spain\/wp-json\/wp\/v2\/types\/page"}],"author":[{"embeddable":true,"href":"https:\/\/www.surfcenter.es\/spain\/wp-json\/wp\/v2\/users\/1"}],"replies":[{"embeddable":true,"href":"https:\/\/www.surfcenter.es\/spain\/wp-json\/wp\/v2\/comments?post=3382"}],"version-history":[{"count":9,"href":"https:\/\/www.surfcenter.es\/spain\/wp-json\/wp\/v2\/pages\/3382\/revisions"}],"predecessor-version":[{"id":3400,"href":"https:\/\/www.surfcenter.es\/spain\/wp-json\/wp\/v2\/pages\/3382\/revisions\/3400"}],"wp:attachment":[{"href":"https:\/\/www.surfcenter.es\/spain\/wp-json\/wp\/v2\/media?parent=3382"}],"curies":[{"name":"wp","href":"https:\/\/api.w.org\/{rel}","templated":true}]}}