{"id":826,"date":"2018-04-28T20:47:11","date_gmt":"2018-04-28T18:47:11","guid":{"rendered":"https:\/\/www.surfcenter.es\/spain\/?page_id=826"},"modified":"2019-01-01T23:59:00","modified_gmt":"2019-01-01T21:59:00","slug":"politica-de-cookies","status":"publish","type":"page","link":"https:\/\/www.surfcenter.es\/spain\/politica-de-cookies\/","title":{"rendered":"pol\u00edtica de cookies"},"content":{"rendered":"<h5>\u00bfQu\u00e9 es una cookie y cu\u00e1l es su funci\u00f3n?<\/h5>\n<p style=\"text-align: left;\">Las \u201ccookies\u201d son peque\u00f1os archivos de informaci\u00f3n que se env\u00edan y almacenan en el equipo desde el que accede a nuestra web (tel\u00e9fono m\u00f3vil, ordenador personal, tableta o televisi\u00f3n conectada) facilitando el uso de la misma.<\/p>\n<p>Las cookies nos ayudan a mejorar la calidad, permiti\u00e9ndonos comparar, recordar, controlar y entender como navegan nuestros usuarios a trav\u00e9s de la web, identificando que es lo que los usuarios encuentran \u00fatil y lo que no y poder as\u00ed, mejorar el proceso de navegaci\u00f3n.<br \/>\nPueden utilizarse para reconocer al usuario.<\/p>\n<p>Las cookies que utiliza esta p\u00e1gina web no da\u00f1an su equipo. \u00danicamente, sirven para mejorar los servicios ofrecidos. Algunas son estrictamente necesarias para que la p\u00e1gina funcione bien y otras sirven para mejorar el rendimiento y experiencia como usuario.<\/p>\n<p>Para obtener m\u00e1s informaci\u00f3n sobre las cookies y c\u00f3mo gestionarlas te recomendamos visitar: <a href=\"http:\/\/www.agpd.es\/\">www.agpd.es<\/a> (guia_cookies), <a href=\"http:\/\/www.allaboutcookies.org\/\">www.allaboutcookies.org<\/a> y <a href=\"http:\/\/www.youronlinechoices.eu\/\">www.youronlinechoices.eu<\/a>.<\/p>\n<h5>Tipos de cookies<\/h5>\n<p style=\"text-align: left;\">Seg\u00fan quien sea la entidad que gestione el equipo o dominio desde donde se env\u00edan las cookies y trate los datos que se obtengan, podemos distinguir:<\/p>\n<div class=\"row\">\n<table>\n<thead>\n<tr>\n<th>Cookie<\/th>\n<th>Descripci\u00f3n<\/th>\n<\/tr>\n<\/thead>\n<tbody>\n<tr>\n<td>Cookies propias<\/td>\n<td>Son aqu\u00e9llas que se env\u00edan al equipo terminal del usuario desde un equipo o dominio gestionado por el propio editor y desde el que se presta el servicio solicitado por el usuario.<\/td>\n<\/tr>\n<tr>\n<td>Cookies de tercero<\/td>\n<td>Son aqu\u00e9llas que se env\u00edan al equipo terminal del usuario desde un equipo o dominio que no es gestionado por el editor, sino por otra entidad que trata los datos obtenidos trav\u00e9s de las cookies.<\/td>\n<\/tr>\n<\/tbody>\n<\/table>\n<\/div>\n<p style=\"text-align: left;\">Seg\u00fan el plazo de tiempo que permanecen activadas en el equipo terminal podemos distinguir:<\/p>\n<div class=\"rand-component rand-table-two-col\">\n<table>\n<thead>\n<tr>\n<th>Cookie<\/th>\n<th>Descripci\u00f3n<\/th>\n<\/tr>\n<\/thead>\n<tbody>\n<tr>\n<td>Cookies de sesi\u00f3n<\/td>\n<td>Son un tipo de cookies dise\u00f1adas para recabar y almacenar datos mientras el usuario accede a una p\u00e1gina web. Se suelen emplear para almacenar informaci\u00f3n que solo interesa conservar para la prestaci\u00f3n del servicio solicitado por el usuario en una sola ocasi\u00f3n (p.e. una lista de productos adquiridos).<\/td>\n<\/tr>\n<tr>\n<td>Cookies persistentes<\/td>\n<td>Son un tipo de cookies en el que los datos siguen almacenados en el terminal y pueden ser accedidos y tratados durante un periodo definido por el responsable de la cookie, y que puede ir de unos minutos a varios a\u00f1os.<\/td>\n<\/tr>\n<\/tbody>\n<\/table>\n<\/div>\n<p style=\"text-align: left;\">Seg\u00fan la finalidad para la que se traten los datos obtenidos a trav\u00e9s de las cookies, la web puede utilizar:<\/p>\n<div class=\"row\">\n<table>\n<thead>\n<tr>\n<th>Cookie<\/th>\n<th>Descripci\u00f3n<\/th>\n<\/tr>\n<\/thead>\n<tbody>\n<tr>\n<td>Cookies t\u00e9cnicas<\/td>\n<td>Son aqu\u00e9llas que permiten al usuario la navegaci\u00f3n a trav\u00e9s de una p\u00e1gina web, plataforma o aplicaci\u00f3n y la utilizaci\u00f3n de las diferentes opciones o servicios que en ella existan como, por ejemplo, controlar el tr\u00e1fico y la comunicaci\u00f3n de datos, identificar la sesi\u00f3n, acceder a partes de acceso restringido.<\/td>\n<\/tr>\n<tr>\n<td>Cookies de personalizaci\u00f3n<\/td>\n<td>Son aqu\u00e9llas que permiten al usuario acceder al servicio con algunas caracter\u00edsticas de car\u00e1cter general predefinidas en funci\u00f3n de una serie de criterios en el terminal del usuario como por ejemplo serian el idioma, el tipo de navegador.<\/td>\n<\/tr>\n<tr>\n<td>Cookies de an\u00e1lisis<\/td>\n<td>Son aqu\u00e9llas que permiten al responsable de las mismas, el seguimiento y an\u00e1lisis del comportamiento de los usuarios de los sitios web a los que est\u00e1n vinculadas. La informaci\u00f3n recogida mediante este tipo de cookies se utiliza en la medici\u00f3n de la actividad de los sitios web, aplicaci\u00f3n o plataforma y para la elaboraci\u00f3n de perfiles de navegaci\u00f3n de los usuarios.<\/td>\n<\/tr>\n<tr>\n<td>Cookies publicitarias<\/td>\n<td>Son aqu\u00e9llas que permiten la gesti\u00f3n, de la forma m\u00e1s eficaz posible, de los espacios publicitarios.<\/td>\n<\/tr>\n<tr>\n<td>Cookies de publicidad comportamental<\/td>\n<td>Estas cookies almacenan informaci\u00f3n del comportamiento de los usuarios obtenida a trav\u00e9s de la observaci\u00f3n continuada de sus h\u00e1bitos de navegaci\u00f3n, lo que permite desarrollar un perfil espec\u00edfico para mostrar publicidad en funci\u00f3n del mismo.<\/td>\n<\/tr>\n<\/tbody>\n<\/table>\n<\/div>\n<h5>Tipos de cookies utilizadas por SURFCENTER<\/h5>\n<p style=\"text-align: left;\">Esta web utiliza tanto &#8216;cookies&#8217; de sesi\u00f3n, temporales, como &#8216;cookies&#8217; permanentes. Las &#8216;cookies&#8217; de sesi\u00f3n almacenan datos mientras el usuario accede a la web, caducan al cerrar el navegador; mientras que las &#8216;cookies&#8217; permanentes almacenan los datos en el terminal para que sean accedidos y utilizados en m\u00e1s de una sesi\u00f3n, suelen caducar cuando transcurre un periodo de tiempo que puede oscilar entre los dos meses y los dos a\u00f1os. Las cookies empleadas son tanto propias como de terceros, e incluyen tanto cookies t\u00e9cnicas, como de personalizaci\u00f3n y de an\u00e1lisis. En concreto esta web emplea las siguientes cookies:<\/p>\n<p style=\"text-align: left;\">\n<h5>Cookies propias<\/h5>\n<div class=\"row\">\n<table>\n<thead>\n<tr>\n<th>Cookie<\/th>\n<th>Descripci\u00f3n<\/th>\n<\/tr>\n<\/thead>\n<tbody>\n<tr>\n<td>Inicio de sesi\u00f3n<\/td>\n<td>Esta cookie ayuda a mantenerte autenticado aunque cierres el navegador. As\u00ed cuando vuelvas a acceder a nuestra web seguir\u00e1s identificado a menos que te desconectes o cierres sesi\u00f3n.<\/td>\n<\/tr>\n<\/tbody>\n<\/table>\n<\/div>\n<h5>Cookies de terceros<\/h5>\n<div class=\"row\">\n<table>\n<thead>\n<tr>\n<th>Cookie<\/th>\n<th>Descripci\u00f3n<\/th>\n<\/tr>\n<\/thead>\n<tbody>\n<tr>\n<td>\u200b\u200b\u200bLinked in Widgets<\/td>\n<td>Esta cookie permite reconocer la sesi\u00f3n del usuario de Linkedin tanto para acceder a la parte privada como para la importaci\u00f3n de los datos a tu perfil. <a href=\"http:\/\/www.linkedin.com\/legal\/privacy-policy\">Pol\u00edtica de Privacidad Linked in Widgets<\/a>.<\/td>\n<\/tr>\n<tr>\n<td>Facebook co\u200bnnect<\/td>\n<td>Guarda la informaci\u00f3n de apertura de sesi\u00f3n en Facebook para usarlo como acceso a la parte privada. <a href=\"http:\/\/www.facebook.com\/about\/privacy\">Pol\u00edtica de Privacidad Facebook connect<\/a><\/td>\n<\/tr>\n<tr>\n<td>Google Analytics<\/td>\n<td>Esta cookie nos permite tener informaci\u00f3n sobre el tr\u00e1fico de la web. <a href=\"http:\/\/www.google.com\/intl\/en\/policies\/privacy\">Pol\u00edtica de Privacidad Google Analytics<\/a><\/td>\n<\/tr>\n<tr>\n<td>Google Tag Manager<\/td>\n<td>Esta cookie nos permite reconocer el flujo de tr\u00e1fico para saber el comportamiento de los usuarios en nuestra web. <a href=\"http:\/\/www.google.com\/policies\/privacy\">Pol\u00edtica de Privacidad Google Tag Manager<\/a><\/td>\n<\/tr>\n<tr>\n<td>Optimizely<\/td>\n<td>Esta cookie nos permite hacer test para optimizar el contenido de nuestra web. <a href=\"http:\/\/www.optimizely.com\/privacy\">Pol\u00edtica de Privacidad Optimizely<\/a><\/td>\n<\/tr>\n<tr>\n<td>Pingdom<\/td>\n<td>Esta cookie nos permite conocer el tr\u00e1fico y el comportamiento a nivel m\u00e1s t\u00e9cnico de nuestro sitio web y de los servidores. <a href=\"https:\/\/www.pingdom.com\/legal\/privacy-policy\">Pol\u00edtica de Privacidad Pingdom<\/a><\/td>\n<\/tr>\n<tr>\n<td>Double click<\/td>\n<td>Es una cookie permite el an\u00e1lisis de preferencias para el env\u00edo de publicidad. <a href=\"http:\/\/www.google.com\/intl\/en\/policies\/privacy\">Pol\u00edtica de Privacidad Double click<\/a><\/td>\n<\/tr>\n<\/tbody>\n<\/table>\n<\/div>\n<h5>\u00bfC\u00f3mo administrar &#8216;cookies&#8217; en el navegador?<\/h5>\n<p style=\"text-align: left;\">El usuario tiene la opci\u00f3n de permitir, bloquear o eliminar las &#8216;cookies&#8217; instaladas en su equipo mediante la configuraci\u00f3n de las opciones del navegador instalado en su equipo. Al desactivar cookies, algunos de los servicios disponibles podr\u00edan dejar de estar operativos.<\/p>\n<p style=\"text-align: left;\">La forma de deshabilitar las cookies es diferente para cada navegador, pero normalmente puede hacerse desde el men\u00fa Herramientas u Opciones. A continuaci\u00f3n ofrecemos el enlace a la informaci\u00f3n para su configuraci\u00f3n en los principales navegadores:<\/p>\n<ul style=\"text-align: left;\">\n<li>Configuraci\u00f3n de cookies en <a href=\"http:\/\/windows.microsoft.com\/es-es\/internet-explorer\/delete-manage-cookies#ie=ie-10\">Internet Explorer 10<\/a>.<\/li>\n<li>Configuraci\u00f3n de cookies en <a href=\"http:\/\/windows.microsoft.com\/es-es\/internet-explorer\/delete-manage-cookies#ie=ie-11\">Internet Explorer 11<\/a>.<\/li>\n<li>Configuraci\u00f3n de cookies en <a href=\"http:\/\/support.apple.com\/kb\/HT1677?viewlocale=es_ES\">Safari<\/a>.<\/li>\n<li>Configuraci\u00f3n de cookies en <a href=\"https:\/\/support.google.com\/chrome\/answer\/95647?hl=es&amp;hlrm=en\">Google Chrome<\/a>.<\/li>\n<li>Configuraci\u00f3n de cookies en <a href=\"http:\/\/support.mozilla.org\/es\/kb\/cookies-informacion-que-los-sitios-web-guardan-en-?redirectlocale=en-US&amp;redirectslug=Cookies\">Firefox Mozilla<\/a>.<\/li>\n<li>Configuraci\u00f3n de cookies en <a href=\"http:\/\/help.opera.com\/Windows\/11.50\/es-ES\/cookies.html\">Opera<\/a>.<\/li>\n<li>Configuraci\u00f3n de cookies en <a href=\"https:\/\/support.google.com\/android\/?hl=es\">Android<\/a>.<\/li>\n<li>Configuraci\u00f3n de cookies en <a href=\"http:\/\/www.windowsphone.com\/es-ES\/how-to\/wp7\/web\/changing-privacy-and-other-browser-settings\">Windows Phone<\/a>.<\/li>\n<li>Configuraci\u00f3n de cookies en <a href=\"http:\/\/docs.blackberry.com\/en\/smartphone_users\/deliverables\/18578\/Turn_off_cookies_in_the_browser_60_1072866_11.jsp\">BlackBerry<\/a>.<\/li>\n<\/ul>\n<p style=\"text-align: left;\">La versi\u00f3n vigente de Pol\u00edtica es del 28\/abril\/2018.<\/p>\n","protected":false},"excerpt":{"rendered":"<p>\u00bfQu\u00e9 es una cookie y cu\u00e1l es su funci\u00f3n? Las \u201ccookies\u201d son peque\u00f1os archivos de informaci\u00f3n que se env\u00edan y<\/p>\n<p><a href=\"https:\/\/www.surfcenter.es\/spain\/politica-de-cookies\/\" class=\"more-link\">Seguir leyendo<span class=\"screen-reader-text\">pol\u00edtica de cookies<\/span><\/a><\/p>\n","protected":false},"author":1,"featured_media":0,"parent":0,"menu_order":0,"comment_status":"closed","ping_status":"closed","template":"","meta":{"sfsi_plus_gutenberg_text_before_share":"","sfsi_plus_gutenberg_show_text_before_share":"","sfsi_plus_gutenberg_icon_type":"","sfsi_plus_gutenberg_icon_alignemt":"","sfsi_plus_gutenburg_max_per_row":"","footnotes":""},"class_list":["post-826","page","type-page","status-publish","hentry"],"yoast_head":"<!-- This site is optimized with the Yoast SEO plugin v27.4 - https:\/\/yoast.com\/product\/yoast-seo-wordpress\/ -->\n<title>pol\u00edtica de cookies - Surf Center<\/title>\n<meta name=\"robots\" content=\"index, follow, max-snippet:-1, max-image-preview:large, max-video-preview:-1\" \/>\n<link rel=\"canonical\" href=\"https:\/\/www.surfcenter.es\/spain\/politica-de-cookies\/\" \/>\n<meta name=\"twitter:card\" content=\"summary_large_image\" \/>\n<meta name=\"twitter:title\" content=\"pol\u00edtica de cookies - Surf Center\" \/>\n<meta name=\"twitter:description\" content=\"\u00bfQu\u00e9 es una cookie y cu\u00e1l es su funci\u00f3n? Las \u201ccookies\u201d son peque\u00f1os archivos de informaci\u00f3n que se env\u00edan ySeguir leyendopol\u00edtica de cookies\" \/>\n<meta name=\"twitter:site\" content=\"@SurfcenterEs\" \/>\n<meta name=\"twitter:label1\" content=\"Tiempo de lectura\" \/>\n\t<meta name=\"twitter:data1\" content=\"6 minutos\" \/>\n<script type=\"application\/ld+json\" class=\"yoast-schema-graph\">{\"@context\":\"https:\\\/\\\/schema.org\",\"@graph\":[{\"@type\":\"WebPage\",\"@id\":\"https:\\\/\\\/www.surfcenter.es\\\/spain\\\/politica-de-cookies\\\/\",\"url\":\"https:\\\/\\\/www.surfcenter.es\\\/spain\\\/politica-de-cookies\\\/\",\"name\":\"pol\u00edtica de cookies - Surf Center\",\"isPartOf\":{\"@id\":\"https:\\\/\\\/www.surfcenter.es\\\/spain\\\/#website\"},\"datePublished\":\"2018-04-28T18:47:11+00:00\",\"dateModified\":\"2019-01-01T21:59:00+00:00\",\"breadcrumb\":{\"@id\":\"https:\\\/\\\/www.surfcenter.es\\\/spain\\\/politica-de-cookies\\\/#breadcrumb\"},\"inLanguage\":\"es\",\"potentialAction\":[{\"@type\":\"ReadAction\",\"target\":[\"https:\\\/\\\/www.surfcenter.es\\\/spain\\\/politica-de-cookies\\\/\"]}]},{\"@type\":\"BreadcrumbList\",\"@id\":\"https:\\\/\\\/www.surfcenter.es\\\/spain\\\/politica-de-cookies\\\/#breadcrumb\",\"itemListElement\":[{\"@type\":\"ListItem\",\"position\":1,\"name\":\"Portada\",\"item\":\"https:\\\/\\\/www.surfcenter.es\\\/spain\\\/\"},{\"@type\":\"ListItem\",\"position\":2,\"name\":\"pol\u00edtica de cookies\"}]},{\"@type\":\"WebSite\",\"@id\":\"https:\\\/\\\/www.surfcenter.es\\\/spain\\\/#website\",\"url\":\"https:\\\/\\\/www.surfcenter.es\\\/spain\\\/\",\"name\":\"Surf Center\",\"description\":\"informaci\u00f3n para principiantes e iniciados en el surf\",\"publisher\":{\"@id\":\"https:\\\/\\\/www.surfcenter.es\\\/spain\\\/#\\\/schema\\\/person\\\/7f6b43ed8982084bd5ef8a4a82f7b35a\"},\"potentialAction\":[{\"@type\":\"SearchAction\",\"target\":{\"@type\":\"EntryPoint\",\"urlTemplate\":\"https:\\\/\\\/www.surfcenter.es\\\/spain\\\/?s={search_term_string}\"},\"query-input\":{\"@type\":\"PropertyValueSpecification\",\"valueRequired\":true,\"valueName\":\"search_term_string\"}}],\"inLanguage\":\"es\"},{\"@type\":[\"Person\",\"Organization\"],\"@id\":\"https:\\\/\\\/www.surfcenter.es\\\/spain\\\/#\\\/schema\\\/person\\\/7f6b43ed8982084bd5ef8a4a82f7b35a\",\"name\":\"admin\",\"image\":{\"@type\":\"ImageObject\",\"inLanguage\":\"es\",\"@id\":\"https:\\\/\\\/www.surfcenter.es\\\/spain\\\/wp-content\\\/uploads\\\/2024\\\/10\\\/cropped-logo-sc2-150x150-1.png\",\"url\":\"https:\\\/\\\/www.surfcenter.es\\\/spain\\\/wp-content\\\/uploads\\\/2024\\\/10\\\/cropped-logo-sc2-150x150-1.png\",\"contentUrl\":\"https:\\\/\\\/www.surfcenter.es\\\/spain\\\/wp-content\\\/uploads\\\/2024\\\/10\\\/cropped-logo-sc2-150x150-1.png\",\"width\":150,\"height\":150,\"caption\":\"admin\"},\"logo\":{\"@id\":\"https:\\\/\\\/www.surfcenter.es\\\/spain\\\/wp-content\\\/uploads\\\/2024\\\/10\\\/cropped-logo-sc2-150x150-1.png\"}}]}<\/script>\n<!-- \/ Yoast SEO plugin. -->","yoast_head_json":{"title":"pol\u00edtica de cookies - Surf Center","robots":{"index":"index","follow":"follow","max-snippet":"max-snippet:-1","max-image-preview":"max-image-preview:large","max-video-preview":"max-video-preview:-1"},"canonical":"https:\/\/www.surfcenter.es\/spain\/politica-de-cookies\/","twitter_card":"summary_large_image","twitter_title":"pol\u00edtica de cookies - Surf Center","twitter_description":"\u00bfQu\u00e9 es una cookie y cu\u00e1l es su funci\u00f3n? Las \u201ccookies\u201d son peque\u00f1os archivos de informaci\u00f3n que se env\u00edan ySeguir leyendopol\u00edtica de cookies","twitter_site":"@SurfcenterEs","twitter_misc":{"Tiempo de lectura":"6 minutos"},"schema":{"@context":"https:\/\/schema.org","@graph":[{"@type":"WebPage","@id":"https:\/\/www.surfcenter.es\/spain\/politica-de-cookies\/","url":"https:\/\/www.surfcenter.es\/spain\/politica-de-cookies\/","name":"pol\u00edtica de cookies - Surf Center","isPartOf":{"@id":"https:\/\/www.surfcenter.es\/spain\/#website"},"datePublished":"2018-04-28T18:47:11+00:00","dateModified":"2019-01-01T21:59:00+00:00","breadcrumb":{"@id":"https:\/\/www.surfcenter.es\/spain\/politica-de-cookies\/#breadcrumb"},"inLanguage":"es","potentialAction":[{"@type":"ReadAction","target":["https:\/\/www.surfcenter.es\/spain\/politica-de-cookies\/"]}]},{"@type":"BreadcrumbList","@id":"https:\/\/www.surfcenter.es\/spain\/politica-de-cookies\/#breadcrumb","itemListElement":[{"@type":"ListItem","position":1,"name":"Portada","item":"https:\/\/www.surfcenter.es\/spain\/"},{"@type":"ListItem","position":2,"name":"pol\u00edtica de cookies"}]},{"@type":"WebSite","@id":"https:\/\/www.surfcenter.es\/spain\/#website","url":"https:\/\/www.surfcenter.es\/spain\/","name":"Surf Center","description":"informaci\u00f3n para principiantes e iniciados en el surf","publisher":{"@id":"https:\/\/www.surfcenter.es\/spain\/#\/schema\/person\/7f6b43ed8982084bd5ef8a4a82f7b35a"},"potentialAction":[{"@type":"SearchAction","target":{"@type":"EntryPoint","urlTemplate":"https:\/\/www.surfcenter.es\/spain\/?s={search_term_string}"},"query-input":{"@type":"PropertyValueSpecification","valueRequired":true,"valueName":"search_term_string"}}],"inLanguage":"es"},{"@type":["Person","Organization"],"@id":"https:\/\/www.surfcenter.es\/spain\/#\/schema\/person\/7f6b43ed8982084bd5ef8a4a82f7b35a","name":"admin","image":{"@type":"ImageObject","inLanguage":"es","@id":"https:\/\/www.surfcenter.es\/spain\/wp-content\/uploads\/2024\/10\/cropped-logo-sc2-150x150-1.png","url":"https:\/\/www.surfcenter.es\/spain\/wp-content\/uploads\/2024\/10\/cropped-logo-sc2-150x150-1.png","contentUrl":"https:\/\/www.surfcenter.es\/spain\/wp-content\/uploads\/2024\/10\/cropped-logo-sc2-150x150-1.png","width":150,"height":150,"caption":"admin"},"logo":{"@id":"https:\/\/www.surfcenter.es\/spain\/wp-content\/uploads\/2024\/10\/cropped-logo-sc2-150x150-1.png"}}]}},"_links":{"self":[{"href":"https:\/\/www.surfcenter.es\/spain\/wp-json\/wp\/v2\/pages\/826","targetHints":{"allow":["GET"]}}],"collection":[{"href":"https:\/\/www.surfcenter.es\/spain\/wp-json\/wp\/v2\/pages"}],"about":[{"href":"https:\/\/www.surfcenter.es\/spain\/wp-json\/wp\/v2\/types\/page"}],"author":[{"embeddable":true,"href":"https:\/\/www.surfcenter.es\/spain\/wp-json\/wp\/v2\/users\/1"}],"replies":[{"embeddable":true,"href":"https:\/\/www.surfcenter.es\/spain\/wp-json\/wp\/v2\/comments?post=826"}],"version-history":[{"count":17,"href":"https:\/\/www.surfcenter.es\/spain\/wp-json\/wp\/v2\/pages\/826\/revisions"}],"predecessor-version":[{"id":1512,"href":"https:\/\/www.surfcenter.es\/spain\/wp-json\/wp\/v2\/pages\/826\/revisions\/1512"}],"wp:attachment":[{"href":"https:\/\/www.surfcenter.es\/spain\/wp-json\/wp\/v2\/media?parent=826"}],"curies":[{"name":"wp","href":"https:\/\/api.w.org\/{rel}","templated":true}]}}